{"id":240,"date":"2023-12-13T13:51:35","date_gmt":"2023-12-13T13:51:35","guid":{"rendered":"https:\/\/oneexample.pro\/?page_id=240"},"modified":"2023-12-13T13:51:35","modified_gmt":"2023-12-13T13:51:35","slug":"terminos-de-servicio","status":"publish","type":"page","link":"https:\/\/oneexample.pro\/en\/terminos-de-servicio\/","title":{"rendered":"T\u00e9rminos de Servicio"},"content":{"rendered":"\n<hr class=\"wp-block-separator has-alpha-channel-opacity\"\/>\n\n\n\n<p class=\"has-medium-font-size\"><strong>Aqu\u00ed hay un resumen r\u00e1pido que esperamos responda a la mayor\u00eda de tus preguntas clave:<\/strong><\/p>\n\n\n\n<p><strong>\u00bfPuedo seguir usando los plugins y temas de UNEJEMPLO.PRO tanto tiempo como quiera, incluso si no tengo una membres\u00eda pagada?<br><\/strong>\u00a1S\u00ed! Todos nuestros plugins y temas son GPL, as\u00ed que puedes seguir us\u00e1ndolos todo el tiempo que quieras y en tantos sitios como desees.<\/p>\n\n\n\n<p><strong>\u00bfEs UNEJEMPLO.PRO b\u00e1sicamente un servicio de suscripci\u00f3n?<br><\/strong>S\u00ed, si necesitas hacer cambios en tu suscripci\u00f3n, puedes hacerlo a trav\u00e9s de tu p\u00e1gina de cuenta ubicada en el Hub \u2013 solo inicia sesi\u00f3n y ve aqu\u00ed.<\/p>\n\n\n\n<p>Por \u00faltimo, pero no menos importante, si tienes un problema con tu cuenta o una pregunta sobre lo que nuestro servicio ofrece y no ofrece, por favor cont\u00e1ctanos; estaremos m\u00e1s que felices de ayudar.<\/p>\n\n\n\n<p><strong>Y aqu\u00ed est\u00e1 la versi\u00f3n larga\u2026<br><\/strong>UNEJEMPLO.PRO es propiedad y est\u00e1 operado por <a href=\"https:\/\/MORPH.media\" target=\"_blank\" rel=\"noreferrer noopener\">MORPH.media<\/a> SA de CV.<br>Los siguientes t\u00e9rminos y condiciones (&#8220;T\u00e9rminos&#8221;) rigen todo el uso del sitio web UNEJEMPLO.PRO y todo el contenido, servicios y productos disponibles en o a trav\u00e9s del sitio web, incluyendo, pero no limitado a, hosting de UNEJEMPLO.PRO, dominios, todos los plugins y nuestros servicios de API (en conjunto, nuestros &#8220;Servicios&#8221;). Nuestros Servicios se ofrecen sujeto a tu aceptaci\u00f3n sin modificaci\u00f3n de todos los t\u00e9rminos y condiciones contenidos aqu\u00ed y todas las dem\u00e1s reglas de operaci\u00f3n, pol\u00edticas (incluyendo, sin limitaci\u00f3n, la Pol\u00edtica de Privacidad de MORPH.media) y procedimientos que puedan ser publicados de vez en cuando por MORPH.media (colectivamente, el \u201cAcuerdo\u201d). Aceptas que podemos actualizar autom\u00e1ticamente nuestros Servicios, y estos T\u00e9rminos se aplicar\u00e1n a cualquier actualizaci\u00f3n.<\/p>\n\n\n\n<p>Por favor, lee este Acuerdo cuidadosamente antes de acceder o usar nuestros Servicios. Al acceder o utilizar cualquier parte de nuestros Servicios, aceptas quedar obligado por los T\u00e9rminos de este Acuerdo. Si no est\u00e1s de acuerdo con todos los T\u00e9rminos de este Acuerdo, entonces no podr\u00e1s acceder o usar ninguno de nuestros Servicios. Si estos T\u00e9rminos son considerados una oferta por MORPH.media, la aceptaci\u00f3n se limita expresamente a estos T\u00e9rminos.<\/p>\n\n\n\n<p>El uso de nuestros Servicios requiere una cuenta de UNEJEMPLO.PRO. Aceptas proporcionarnos informaci\u00f3n completa y precisa cuando te registres para una cuenta.<\/p>\n\n\n\n<hr class=\"wp-block-separator has-alpha-channel-opacity\"\/>\n","protected":false},"excerpt":{"rendered":"<p>Aqu\u00ed hay un resumen r\u00e1pido que esperamos responda a la mayor\u00eda de tus preguntas clave: \u00bfPuedo seguir usando los plugins y temas de UNEJEMPLO.PRO tanto tiempo como quiera, incluso si no tengo una membres\u00eda pagada?\u00a1S\u00ed! Todos nuestros plugins y temas son GPL, as\u00ed que puedes seguir us\u00e1ndolos todo el tiempo que quieras y en tantos [&hellip;]<\/p>\n","protected":false},"author":1,"featured_media":0,"parent":0,"menu_order":0,"comment_status":"closed","ping_status":"closed","template":"","meta":{"_uag_custom_page_level_css":"","site-sidebar-layout":"default","site-content-layout":"","ast-site-content-layout":"default","site-content-style":"default","site-sidebar-style":"default","ast-global-header-display":"","ast-banner-title-visibility":"","ast-main-header-display":"","ast-hfb-above-header-display":"","ast-hfb-below-header-display":"","ast-hfb-mobile-header-display":"","site-post-title":"","ast-breadcrumbs-content":"","ast-featured-img":"","footer-sml-layout":"","ast-disable-related-posts":"","theme-transparent-header-meta":"","adv-header-id-meta":"","stick-header-meta":"","header-above-stick-meta":"","header-main-stick-meta":"","header-below-stick-meta":"","astra-migrate-meta-layouts":"default","ast-page-background-enabled":"default","ast-page-background-meta":{"desktop":{"background-color":"var(--ast-global-color-4)","background-image":"","background-repeat":"repeat","background-position":"center center","background-size":"auto","background-attachment":"scroll","background-type":"","background-media":"","overlay-type":"","overlay-color":"","overlay-opacity":"","overlay-gradient":""},"tablet":{"background-color":"","background-image":"","background-repeat":"repeat","background-position":"center center","background-size":"auto","background-attachment":"scroll","background-type":"","background-media":"","overlay-type":"","overlay-color":"","overlay-opacity":"","overlay-gradient":""},"mobile":{"background-color":"","background-image":"","background-repeat":"repeat","background-position":"center center","background-size":"auto","background-attachment":"scroll","background-type":"","background-media":"","overlay-type":"","overlay-color":"","overlay-opacity":"","overlay-gradient":""}},"ast-content-background-meta":{"desktop":{"background-color":"var(--ast-global-color-5)","background-image":"","background-repeat":"repeat","background-position":"center center","background-size":"auto","background-attachment":"scroll","background-type":"","background-media":"","overlay-type":"","overlay-color":"","overlay-opacity":"","overlay-gradient":""},"tablet":{"background-color":"var(--ast-global-color-5)","background-image":"","background-repeat":"repeat","background-position":"center center","background-size":"auto","background-attachment":"scroll","background-type":"","background-media":"","overlay-type":"","overlay-color":"","overlay-opacity":"","overlay-gradient":""},"mobile":{"background-color":"var(--ast-global-color-5)","background-image":"","background-repeat":"repeat","background-position":"center center","background-size":"auto","background-attachment":"scroll","background-type":"","background-media":"","overlay-type":"","overlay-color":"","overlay-opacity":"","overlay-gradient":""}},"footnotes":""},"class_list":["post-240","page","type-page","status-publish","hentry"],"spectra_custom_meta":{"_edit_lock":["1702584050:1"],"_wds_readability":["a:4:{s:5:\"score\";i:73;s:9:\"raw_score\";i:73;s:11:\"is_readable\";b:1;s:5:\"error\";b:0;}"],"_edit_last":["1"],"_wds_trimmed_excerpt":["Aqu\u00ed hay un resumen r\u00e1pido que esperamos responda a la mayor\u00eda de tus preguntas clave: \u00bfPuedo seguir usando los plugins y temas de UNEJEMPLO.PRO tanto tiemp ..."],"_wds_focus-keywords":[""],"_uag_css_file_name":["uag-css-240.css"],"_trp_automatically_translated_slug_es_MX":["terminos-de-servicio"],"_trp_automatically_translated_slug_ko_KR":["\uc11c\ube44\uc2a4-\uc57d\uad00"],"_trp_automatically_translated_slug_ja":["\u30b5\u30fc\u30d3\u30b9\u7d42\u4e86"],"_trp_automatically_translated_slug_pt_BR":["termino-do-servico"],"_trp_automatically_translated_slug_zh_CN":["\u670d\u52a1\u6761\u6b3e"],"_uagb_previous_block_counts":["a:90:{s:21:\"uagb\/advanced-heading\";i:0;s:15:\"uagb\/blockquote\";i:0;s:12:\"uagb\/buttons\";i:0;s:18:\"uagb\/buttons-child\";i:0;s:19:\"uagb\/call-to-action\";i:0;s:15:\"uagb\/cf7-styler\";i:0;s:11:\"uagb\/column\";i:0;s:12:\"uagb\/columns\";i:0;s:14:\"uagb\/container\";i:0;s:21:\"uagb\/content-timeline\";i:0;s:27:\"uagb\/content-timeline-child\";i:0;s:14:\"uagb\/countdown\";i:0;s:12:\"uagb\/counter\";i:0;s:8:\"uagb\/faq\";i:0;s:14:\"uagb\/faq-child\";i:0;s:10:\"uagb\/forms\";i:0;s:17:\"uagb\/forms-accept\";i:0;s:19:\"uagb\/forms-checkbox\";i:0;s:15:\"uagb\/forms-date\";i:0;s:16:\"uagb\/forms-email\";i:0;s:17:\"uagb\/forms-hidden\";i:0;s:15:\"uagb\/forms-name\";i:0;s:16:\"uagb\/forms-phone\";i:0;s:16:\"uagb\/forms-radio\";i:0;s:17:\"uagb\/forms-select\";i:0;s:19:\"uagb\/forms-textarea\";i:0;s:17:\"uagb\/forms-toggle\";i:0;s:14:\"uagb\/forms-url\";i:0;s:14:\"uagb\/gf-styler\";i:0;s:15:\"uagb\/google-map\";i:0;s:11:\"uagb\/how-to\";i:0;s:16:\"uagb\/how-to-step\";i:0;s:9:\"uagb\/icon\";i:0;s:14:\"uagb\/icon-list\";i:0;s:20:\"uagb\/icon-list-child\";i:0;s:10:\"uagb\/image\";i:0;s:18:\"uagb\/image-gallery\";i:0;s:13:\"uagb\/info-box\";i:0;s:18:\"uagb\/inline-notice\";i:0;s:11:\"uagb\/lottie\";i:0;s:21:\"uagb\/marketing-button\";i:0;s:10:\"uagb\/modal\";i:0;s:18:\"uagb\/popup-builder\";i:0;s:16:\"uagb\/post-button\";i:0;s:18:\"uagb\/post-carousel\";i:0;s:17:\"uagb\/post-excerpt\";i:0;s:14:\"uagb\/post-grid\";i:0;s:15:\"uagb\/post-image\";i:0;s:17:\"uagb\/post-masonry\";i:0;s:14:\"uagb\/post-meta\";i:0;s:18:\"uagb\/post-taxonomy\";i:0;s:18:\"uagb\/post-timeline\";i:0;s:15:\"uagb\/post-title\";i:0;s:20:\"uagb\/restaurant-menu\";i:0;s:26:\"uagb\/restaurant-menu-child\";i:0;s:11:\"uagb\/review\";i:0;s:12:\"uagb\/section\";i:0;s:14:\"uagb\/separator\";i:0;s:11:\"uagb\/slider\";i:0;s:17:\"uagb\/slider-child\";i:0;s:17:\"uagb\/social-share\";i:0;s:23:\"uagb\/social-share-child\";i:0;s:16:\"uagb\/star-rating\";i:0;s:23:\"uagb\/sure-cart-checkout\";i:0;s:22:\"uagb\/sure-cart-product\";i:0;s:15:\"uagb\/sure-forms\";i:0;s:22:\"uagb\/table-of-contents\";i:0;s:9:\"uagb\/tabs\";i:0;s:15:\"uagb\/tabs-child\";i:0;s:18:\"uagb\/taxonomy-list\";i:0;s:9:\"uagb\/team\";i:0;s:16:\"uagb\/testimonial\";i:0;s:14:\"uagb\/wp-search\";i:0;s:19:\"uagb\/instagram-feed\";i:0;s:10:\"uagb\/login\";i:0;s:17:\"uagb\/loop-builder\";i:0;s:18:\"uagb\/loop-category\";i:0;s:20:\"uagb\/loop-pagination\";i:0;s:15:\"uagb\/loop-reset\";i:0;s:16:\"uagb\/loop-search\";i:0;s:14:\"uagb\/loop-sort\";i:0;s:17:\"uagb\/loop-wrapper\";i:0;s:13:\"uagb\/register\";i:0;s:19:\"uagb\/register-email\";i:0;s:24:\"uagb\/register-first-name\";i:0;s:23:\"uagb\/register-last-name\";i:0;s:22:\"uagb\/register-password\";i:0;s:30:\"uagb\/register-reenter-password\";i:0;s:19:\"uagb\/register-terms\";i:0;s:22:\"uagb\/register-username\";i:0;}"],"_uag_page_assets":["a:9:{s:3:\"css\";s:0:\"\";s:2:\"js\";s:0:\"\";s:18:\"current_block_list\";a:9:{i:0;s:14:\"core\/separator\";i:1;s:14:\"core\/paragraph\";i:2;s:11:\"core\/search\";i:3;s:10:\"core\/group\";i:4;s:12:\"core\/heading\";i:5;s:17:\"core\/latest-posts\";i:6;s:20:\"core\/latest-comments\";i:7;s:13:\"core\/archives\";i:8;s:15:\"core\/categories\";}s:8:\"uag_flag\";b:0;s:11:\"uag_version\";i:1777627201;s:6:\"gfonts\";a:0:{}s:10:\"gfonts_url\";s:0:\"\";s:12:\"gfonts_files\";a:0:{}s:14:\"uag_faq_layout\";b:0;}"]},"uagb_featured_image_src":{"full":false,"thumbnail":false,"medium":false,"medium_large":false,"large":false,"1536x1536":false,"2048x2048":false,"trp-custom-language-flag":false},"uagb_author_info":{"display_name":"OneExample","author_link":"https:\/\/oneexample.pro\/en\/author\/unejemplo\/"},"uagb_comment_info":0,"uagb_excerpt":"Aqu\u00ed hay un resumen r\u00e1pido que esperamos responda a la mayor\u00eda de tus preguntas clave: \u00bfPuedo seguir usando los plugins y temas de UNEJEMPLO.PRO tanto tiempo como quiera, incluso si no tengo una membres\u00eda pagada?\u00a1S\u00ed! Todos nuestros plugins y temas son GPL, as\u00ed que puedes seguir us\u00e1ndolos todo el tiempo que quieras y en tantos&hellip;","_links":{"self":[{"href":"https:\/\/oneexample.pro\/en\/wp-json\/wp\/v2\/pages\/240","targetHints":{"allow":["GET"]}}],"collection":[{"href":"https:\/\/oneexample.pro\/en\/wp-json\/wp\/v2\/pages"}],"about":[{"href":"https:\/\/oneexample.pro\/en\/wp-json\/wp\/v2\/types\/page"}],"author":[{"embeddable":true,"href":"https:\/\/oneexample.pro\/en\/wp-json\/wp\/v2\/users\/1"}],"replies":[{"embeddable":true,"href":"https:\/\/oneexample.pro\/en\/wp-json\/wp\/v2\/comments?post=240"}],"version-history":[{"count":0,"href":"https:\/\/oneexample.pro\/en\/wp-json\/wp\/v2\/pages\/240\/revisions"}],"wp:attachment":[{"href":"https:\/\/oneexample.pro\/en\/wp-json\/wp\/v2\/media?parent=240"}],"curies":[{"name":"wp","href":"https:\/\/api.w.org\/{rel}","templated":true}]}}