{"id":19,"date":"2023-12-11T00:53:20","date_gmt":"2023-12-11T00:53:20","guid":{"rendered":"https:\/\/oneexample.pro\/?page_id=19"},"modified":"2023-12-11T00:53:20","modified_gmt":"2023-12-11T00:53:20","slug":"%e3%83%97%e3%83%a9%e3%82%a4%e3%83%90%e3%82%b7%e3%83%bc%e3%83%9d%e3%83%aa%e3%82%b7%e3%83%bc","status":"publish","type":"page","link":"https:\/\/oneexample.pro\/ja\/%e3%83%97%e3%83%a9%e3%82%a4%e3%83%90%e3%82%b7%e3%83%bc%e3%83%9d%e3%83%aa%e3%82%b7%e3%83%bc\/","title":{"rendered":"\u30d7\u30e9\u30a4\u30d0\u30b7\u30fc\u30dd\u30ea\u30b7\u30fc"},"content":{"rendered":"<h2 class=\"wp-block-heading\">\u6211\u3005\u306f\u4f55\u8005\u304b<\/h2>\n\n\n\n<p>\u5f53\u30a6\u30a7\u30d6\u30b5\u30a4\u30c8\u306e\u30a2\u30c9\u30ec\u30b9\u306f https:\/\/oneexample.pro \u3067\u3059\u3002<\/p>\n\n\n\n<h2 class=\"wp-block-heading\">\u30b3\u30e1\u30f3\u30c8<\/h2>\n\n\n\n<p>\u8a2a\u554f\u8005\u304c\u30a6\u30a7\u30d6\u4e0a\u3067\u30b3\u30e1\u30f3\u30c8\u3057\u305f\u5834\u5408\u3001\u30b3\u30e1\u30f3\u30c8\u30d5\u30a9\u30fc\u30e0\u306b\u8a18\u8f09\u3055\u308c\u305f\u30c7\u30fc\u30bf\u3001\u304a\u3088\u3073\u8a2a\u554f\u8005\u306eIP\u30a2\u30c9\u30ec\u30b9\u3001\u30a6\u30a7\u30d6\u95b2\u89a7\u8005\u306e\u30e6\u30fc\u30b6\u30fc\u30a8\u30fc\u30b8\u30a7\u30f3\u30c8\u30ab\u30fc\u30c9\u3092\u3001\u30b9\u30d1\u30e0\u691c\u51fa\u306e\u305f\u3081\u306b\u4f7f\u7528\u3057\u307e\u3059\u3002<\/p>\n\n\n\n<p>\u304a\u5ba2\u69d8\u306e\u96fb\u5b50\u30e1\u30fc\u30eb \u30a2\u30c9\u30ec\u30b9 (\u30cf\u30c3\u30b7\u30e5) \u3092\u57fa\u306b\u4f5c\u6210\u3055\u308c\u305f\u533f\u540d\u30ab\u30fc\u30c9\u306f\u3001Gravatar \u30b5\u30fc\u30d3\u30b9\u306b\u63d0\u4f9b\u3055\u308c\u3001\u304a\u5ba2\u69d8\u304c\u4f7f\u7528\u3057\u3066\u3044\u308b\u304b\u3069\u3046\u304b\u3092\u78ba\u8a8d\u3059\u308b\u3053\u3068\u304c\u3067\u304d\u307e\u3059\u3002Gravatar\u30b5\u30fc\u30d3\u30b9\u306e\u30d7\u30e9\u30a4\u30d0\u30b7\u30fc\u30dd\u30ea\u30b7\u30fc\u306f\u3001https:\/\/automattic.com\/privacy\/\u3002\u30b3\u30e1\u30f3\u30c8\u306e\u627f\u8a8d\u5f8c\u3001\u3042\u306a\u305f\u306e\u30d7\u30ed\u30d5\u30a3\u30fc\u30eb\u753b\u50cf\u306f\u3001\u30b3\u30e1\u30f3\u30c8\u306e\u6587\u8108\u3067\u516c\u8846\u306b\u8868\u793a\u3055\u308c\u307e\u3059\u3002<\/p>\n\n\n\n<h2 class=\"wp-block-heading\">\u30e1\u30c7\u30a3\u30a2<\/h2>\n\n\n\n<p>\u30a6\u30a7\u30d6\u306b\u753b\u50cf\u3092\u9001\u4fe1\u3059\u308b\u5834\u5408\u3001\u4f4d\u7f6e\u60c5\u5831\uff08GPS EXIF\uff09\u3092\u542b\u3080\u753b\u50cf\u306e\u9001\u4fe1\u306f\u907f\u3051\u3066\u304f\u3060\u3055\u3044\u3002\u30a6\u30a7\u30d6\u8a2a\u554f\u8005\u306f\u3001\u30a6\u30a7\u30d6\u4e0a\u306e\u753b\u50cf\u304b\u3089\u4efb\u610f\u306e\u4f4d\u7f6e\u60c5\u5831\u3092\u30c0\u30a6\u30f3\u30ed\u30fc\u30c9\u3057\u3066\u53d6\u308a\u51fa\u3059\u3053\u3068\u304c\u3067\u304d\u307e\u3059\u3002<\/p>\n\n\n\n<h2 class=\"wp-block-heading\">\u30af\u30c3\u30ad\u30fc<\/h2>\n\n\n\n<p>\u5f53\u30a6\u30a7\u30d6\u30b5\u30a4\u30c8\u306b\u30b3\u30e1\u30f3\u30c8\u3092\u6295\u7a3f\u3055\u308c\u308b\u5834\u5408\u3001\u304a\u5ba2\u69d8\u306e\u304a\u540d\u524d\u3001E\u30e1\u30fc\u30eb\u30a2\u30c9\u30ec\u30b9\u3001\u30a6\u30a7\u30d6\u30b5\u30a4\u30c8\u3092Cookie\u306b\u4fdd\u5b58\u3059\u308b\u3053\u3068\u304c\u3067\u304d\u307e\u3059\u3002\u3053\u308c\u306f\u3001\u3042\u306a\u305f\u304c\u4ed6\u306e\u30b3\u30e1\u30f3\u30c8\u3092\u6295\u7a3f\u3057\u305f\u3068\u304d\u306b\u3001\u3042\u306a\u305f\u306e\u30c7\u30fc\u30bf\u3092\u5909\u66f4\u3059\u308b\u5fc5\u8981\u304c\u306a\u3044\u3088\u3046\u306b\u3001\u3042\u306a\u305f\u306e\u4fbf\u5b9c\u306e\u305f\u3081\u3067\u3059\u3002\u30af\u30c3\u30ad\u30fc\u306e\u6709\u52b9\u671f\u9593\u306f1\u5e74\u9593\u3067\u3059\u3002<\/p>\n\n\n\n<p>\u30a2\u30ab\u30a6\u30f3\u30c8\u3092\u304a\u6301\u3061\u3067\u3001\u3053\u306e\u30b5\u30a4\u30c8\u306b\u63a5\u7d9a\u3059\u308b\u3068\u3001Cookie\u3092\u53d7\u3051\u5165\u308c\u308b\u304b\u3069\u3046\u304b\u3092\u5224\u65ad\u3059\u308b\u305f\u3081\u306b\u4e00\u6642\u7684\u306bCookie\u3092\u30a4\u30f3\u30b9\u30c8\u30fc\u30eb\u3057\u307e\u3059\u3002\u3053\u306e\u30af\u30c3\u30ad\u30fc\u306f\u500b\u4eba\u60c5\u5831\u3092\u542b\u307e\u305a\u3001\u30d6\u30e9\u30a6\u30b6\u3092\u9589\u3058\u308b\u3068\u6d88\u53bb\u3055\u308c\u307e\u3059\u3002<\/p>\n\n\n\n<p>\u30a2\u30af\u30bb\u30b9\u3059\u308b\u3068\u3001\u30a2\u30af\u30bb\u30b9\u60c5\u5831\u304a\u3088\u3073\u753b\u9762\u8868\u793a\u30aa\u30d7\u30b7\u30e7\u30f3\u3092\u4fdd\u8b77\u3059\u308b\u305f\u3081\u306b\u3001\u3055\u307e\u3056\u307e\u306a\u30af\u30c3\u30ad\u30fc\u3082\u30a4\u30f3\u30b9\u30c8\u30fc\u30eb\u3055\u308c\u307e\u3059\u3002\u30a2\u30af\u30bb\u30b9\u306b\u95a2\u3059\u308b\u30af\u30c3\u30ad\u30fc\u306f2\u65e5\u9593\u3001\u8868\u793a\u30aa\u30d7\u30b7\u30e7\u30f3\u306b\u95a2\u3059\u308b\u30af\u30c3\u30ad\u30fc\u306f1\u5e74\u9593\u6709\u52b9\u3067\u3059\u3002\u524a\u9664\u3059\u308b\u300d\u3092\u9078\u629e\u3057\u305f\u5834\u5408\u3001\u30a2\u30af\u30bb\u30b9\u306f2\u30f6\u6708\u9593\u505c\u6b62\u3057\u307e\u3059\u3002\u30a2\u30ab\u30a6\u30f3\u30c8\u3092\u524a\u9664\u3059\u308b\u3068\u3001\u30a2\u30af\u30bb\u30b9\u7528\u306e\u30af\u30c3\u30ad\u30fc\u306f\u524a\u9664\u3055\u308c\u307e\u3059\u3002<\/p>\n\n\n\n<p>\u8a18\u4e8b\u3092\u7de8\u96c6\u307e\u305f\u306f\u516c\u958b\u3059\u308b\u3068\u3001\u30d6\u30e9\u30a6\u30b6\u306b\u8ffd\u52a0\u306e\u30af\u30c3\u30ad\u30fc\u304c\u4fdd\u5b58\u3055\u308c\u307e\u3059\u3002\u3053\u306e\u30af\u30c3\u30ad\u30fc\u306f\u500b\u4eba\u60c5\u5831\u3092\u542b\u307e\u305a\u3001\u5358\u306b\u7de8\u96c6\u3057\u305f\u8a18\u4e8b\u306eID\u3092\u793a\u3057\u307e\u3059\u30021\u65e5\u4ee5\u5185\u306b\u524a\u9664\u3057\u3066\u304f\u3060\u3055\u3044\u3002<\/p>\n\n\n\n<h2 class=\"wp-block-heading\">\u4ed6\u306e\u30a6\u30a7\u30d6\u30b5\u30a4\u30c8\u304b\u3089\u53d6\u308a\u8fbc\u307e\u308c\u305f\u30b3\u30f3\u30c6\u30f3\u30c4<\/h2>\n\n\n\n<p>\u672c\u30b5\u30a4\u30c8\u306e\u8a18\u4e8b\u306b\u306f\u3001\u30a4\u30f3\u30af\u30eb\u30fc\u30c9\u30fb\u30b3\u30f3\u30c6\u30f3\u30c4\uff08\u4f8b\u3048\u3070\u3001\u30d3\u30c7\u30aa\u3001\u753b\u50cf\u3001\u8a18\u4e8b\u306a\u3069\uff09\u304c\u542b\u307e\u308c\u308b\u3053\u3068\u304c\u3042\u308a\u307e\u3059\u3002\u4ed6\u306e\u30a6\u30a7\u30d6\u30b5\u30a4\u30c8\u306b\u542b\u307e\u308c\u308b\u30b3\u30f3\u30c6\u30f3\u30c4\u306f\u3001\u4ed6\u306e\u30a6\u30a7\u30d6\u30b5\u30a4\u30c8\u306b\u30a2\u30af\u30bb\u30b9\u3057\u305f\u5834\u5408\u3068\u307e\u3063\u305f\u304f\u540c\u3058\u65b9\u6cd5\u3067\u8868\u793a\u3055\u308c\u307e\u3059\u3002<\/p>\n\n\n\n<p>\u3053\u308c\u3089\u306e\u30a6\u30a7\u30d6\u30b5\u30a4\u30c8\u306f\u3001\u304a\u5ba2\u69d8\u306b\u95a2\u3059\u308b\u30c7\u30fc\u30bf\u3092\u53ce\u96c6\u3057\u3001\u30af\u30c3\u30ad\u30fc\u3092\u4f7f\u7528\u3057\u3001\u7b2c\u4e09\u8005\u306e\u8ffd\u52a0\u7684\u306a\u76e3\u8996\u3092\u884c\u3044\u3001\u304a\u5ba2\u69d8\u304c\u30a2\u30ab\u30a6\u30f3\u30c8\u3092\u304a\u6301\u3061\u3067\u3053\u308c\u3089\u306e\u30a6\u30a7\u30d6\u30b5\u30a4\u30c8\u306b\u63a5\u7d9a\u3055\u308c\u3066\u3044\u308b\u5834\u5408\u3001\u304a\u5ba2\u69d8\u304c\u3053\u308c\u3089\u306e\u30b3\u30f3\u30c6\u30f3\u30c4\u306b\u30a2\u30af\u30bb\u30b9\u3059\u308b\u3053\u3068\u3092\u76e3\u8996\u3057\u307e\u3059\u3002<\/p>\n\n\n\n<h2 class=\"wp-block-heading\">\u8ab0\u3068\u3042\u306a\u305f\u306e\u30c7\u30fc\u30bf\u3092\u5171\u6709\u3059\u308b\u304b<\/h2>\n\n\n\n<p>\u518d\u767b\u9332\u3092\u5e0c\u671b\u3055\u308c\u308b\u5834\u5408\u306f\u3001\u518d\u767b\u9332\u7528\u306e\u96fb\u5b50\u30e1\u30fc\u30eb\u306b\u304a\u5ba2\u69d8\u306eIP\u30a2\u30c9\u30ec\u30b9\u304c\u542b\u307e\u308c\u307e\u3059\u3002<\/p>\n\n\n\n<h2 class=\"wp-block-heading\">\u30c7\u30fc\u30bf\u306e\u4fdd\u5b58\u671f\u9593<\/h2>\n\n\n\n<p>\u30b3\u30e1\u30f3\u30c8\u3092\u524a\u9664\u3059\u308b\u3068\u3001\u305d\u306e\u30b3\u30e1\u30f3\u30c8\u3068\u30e1\u30bf\u30c7\u30fc\u30bf\u306f\u7121\u671f\u9650\u306b\u4fdd\u5b58\u3055\u308c\u307e\u3059\u3002\u3053\u308c\u306f\u3001\u9023\u7d9a\u3057\u305f\u30b3\u30e1\u30f3\u30c8\u3092\u81ea\u52d5\u7684\u306b\u627f\u8a8d\u3059\u308b\u305f\u3081\u3067\u3059\u3002<\/p>\n\n\n\n<p>\u5f53\u30a6\u30a7\u30d6\u30b5\u30a4\u30c8\u306b\u767b\u9332\u3055\u308c\u305f\u30e6\u30fc\u30b6\u30fc\uff08\u3082\u3057\u767b\u9332\u3055\u308c\u3066\u3044\u308c\u3070\uff09\u306b\u306f\u3001\u30e6\u30fc\u30b6\u30fc\u30d7\u30ed\u30d5\u30a1\u30a4\u30eb\u306b\u63d0\u4f9b\u3055\u308c\u305f\u500b\u4eba\u60c5\u5831\u3082\u4fdd\u5b58\u3055\u308c\u307e\u3059\u3002\u3059\u3079\u3066\u306e\u5229\u7528\u8005\u306f\u3001\u3044\u3064\u3067\u3082\u500b\u4eba\u60c5\u5831\u3092\u78ba\u8a8d\u3001\u7de8\u96c6\u3001\u524a\u9664\u3059\u308b\u3053\u3068\u304c\u3067\u304d\u307e\u3059\uff08\u305f\u3060\u3057\u3001\u5229\u7528\u8005\u540d\u3092\u5909\u66f4\u3059\u308b\u3053\u3068\u306f\u3067\u304d\u307e\u305b\u3093\uff09\u3002\u30a6\u30a7\u30d6\u7ba1\u7406\u8005\u3082\u3053\u308c\u3089\u306e\u60c5\u5831\u3092\u95b2\u89a7\u304a\u3088\u3073\u7de8\u96c6\u3059\u308b\u3053\u3068\u304c\u3067\u304d\u307e\u3059\u3002<\/p>\n\n\n\n<h2 class=\"wp-block-heading\">\u500b\u4eba\u60c5\u5831\u306b\u95a2\u3059\u308b\u6a29\u5229\u306b\u3064\u3044\u3066<\/h2>\n\n\n\n<p>\u5f53\u30a6\u30a7\u30d6\u30b5\u30a4\u30c8\u306b\u30a2\u30ab\u30a6\u30f3\u30c8\u3092\u304a\u6301\u3061\u306e\u65b9\u3001\u307e\u305f\u306f\u30b3\u30e1\u30f3\u30c8\u3092\u6295\u7a3f\u3055\u308c\u305f\u65b9\u306f\u3001\u63d0\u4f9b\u3055\u308c\u305f\u500b\u4eba\u60c5\u5831\u3092\u542b\u3080\u3001\u304a\u5ba2\u69d8\u306e\u500b\u4eba\u60c5\u5831\u306e\u30a8\u30af\u30b9\u30dd\u30fc\u30c8\u7528\u30a2\u30fc\u30ab\u30a4\u30d6\u3092\u3054\u8acb\u6c42\u3044\u305f\u3060\u3051\u307e\u3059\u3002\u307e\u305f\u3001\u304a\u5ba2\u69d8\u306e\u500b\u4eba\u60c5\u5831\u306e\u524a\u9664\u3092\u8981\u6c42\u3059\u308b\u3053\u3068\u3082\u3067\u304d\u307e\u3059\u3002\u3053\u308c\u306b\u306f\u3001\u7ba1\u7406\u4e0a\u3001\u6cd5\u5f8b\u4e0a\u3001\u307e\u305f\u306f\u5b89\u5168\u4e0a\u306e\u7406\u7531\u3067\u5f53\u793e\u304c\u4fdd\u5b58\u7fa9\u52d9\u3092\u8ca0\u3046\u3044\u304b\u306a\u308b\u30c7\u30fc\u30bf\u3082\u542b\u307e\u308c\u307e\u305b\u3093\u3002<\/p>\n\n\n\n<h2 class=\"wp-block-heading\">\u30c7\u30fc\u30bf\u306e\u9001\u4fe1\u5148<\/h2>\n\n\n\n<p>\u8a2a\u554f\u8005\u306e\u30b3\u30e1\u30f3\u30c8\u306f\u3001\u30b9\u30d1\u30e0\u81ea\u52d5\u691c\u51fa\u30b5\u30fc\u30d3\u30b9\u3092\u4fee\u6b63\u3059\u308b\u3053\u3068\u304c\u3067\u304d\u307e\u3059\u3002<\/p>","protected":false},"excerpt":{"rendered":"<p>Qui\u00e9nes somos La direcci\u00f3n de nuestra web es: https:\/\/oneexample.pro. Comentarios Cuando los visitantes dejan comentarios en la web, recopilamos los datos que se muestran en el formulario de comentarios, as\u00ed como la direcci\u00f3n IP del visitante y la cadena de agentes de usuario del navegador para ayudar a la detecci\u00f3n de spam. Una cadena an\u00f3nima [&hellip;]<\/p>\n","protected":false},"author":1,"featured_media":0,"parent":0,"menu_order":0,"comment_status":"closed","ping_status":"closed","template":"","meta":{"_uag_custom_page_level_css":"","site-sidebar-layout":"default","site-content-layout":"","ast-site-content-layout":"default","site-content-style":"default","site-sidebar-style":"default","ast-global-header-display":"","ast-banner-title-visibility":"","ast-main-header-display":"","ast-hfb-above-header-display":"","ast-hfb-below-header-display":"","ast-hfb-mobile-header-display":"","site-post-title":"","ast-breadcrumbs-content":"","ast-featured-img":"","footer-sml-layout":"","ast-disable-related-posts":"","theme-transparent-header-meta":"","adv-header-id-meta":"","stick-header-meta":"","header-above-stick-meta":"","header-main-stick-meta":"","header-below-stick-meta":"","astra-migrate-meta-layouts":"default","ast-page-background-enabled":"default","ast-page-background-meta":{"desktop":{"background-color":"var(--ast-global-color-4)","background-image":"","background-repeat":"repeat","background-position":"center center","background-size":"auto","background-attachment":"scroll","background-type":"","background-media":"","overlay-type":"","overlay-color":"","overlay-opacity":"","overlay-gradient":""},"tablet":{"background-color":"","background-image":"","background-repeat":"repeat","background-position":"center center","background-size":"auto","background-attachment":"scroll","background-type":"","background-media":"","overlay-type":"","overlay-color":"","overlay-opacity":"","overlay-gradient":""},"mobile":{"background-color":"","background-image":"","background-repeat":"repeat","background-position":"center center","background-size":"auto","background-attachment":"scroll","background-type":"","background-media":"","overlay-type":"","overlay-color":"","overlay-opacity":"","overlay-gradient":""}},"ast-content-background-meta":{"desktop":{"background-color":"var(--ast-global-color-5)","background-image":"","background-repeat":"repeat","background-position":"center center","background-size":"auto","background-attachment":"scroll","background-type":"","background-media":"","overlay-type":"","overlay-color":"","overlay-opacity":"","overlay-gradient":""},"tablet":{"background-color":"var(--ast-global-color-5)","background-image":"","background-repeat":"repeat","background-position":"center center","background-size":"auto","background-attachment":"scroll","background-type":"","background-media":"","overlay-type":"","overlay-color":"","overlay-opacity":"","overlay-gradient":""},"mobile":{"background-color":"var(--ast-global-color-5)","background-image":"","background-repeat":"repeat","background-position":"center center","background-size":"auto","background-attachment":"scroll","background-type":"","background-media":"","overlay-type":"","overlay-color":"","overlay-opacity":"","overlay-gradient":""}},"footnotes":""},"class_list":["post-19","page","type-page","status-publish","hentry"],"spectra_custom_meta":{"_edit_lock":["1702256003:1"],"_wds_readability":["a:4:{s:5:\"score\";i:71;s:9:\"raw_score\";i:71;s:11:\"is_readable\";b:1;s:5:\"error\";b:0;}"],"_edit_last":["1"],"_wds_trimmed_excerpt":["Qui\u00e9nes somos La direcci\u00f3n de nuestra web es: https:\/\/oneexample.pro. Comentarios Cuando los visitantes dejan comentarios en la web, recopilamos los datos qu ..."],"_uag_css_file_name":["uag-css-19.css"],"_trp_automatically_translated_slug_es_MX":["privacy-policy"],"_trp_automatically_translated_slug_zh_CN":["\u9690\u79c1\u653f\u7b56"],"_trp_automatically_translated_slug_ja":["\u30d7\u30e9\u30a4\u30d0\u30b7\u30fc\u30dd\u30ea\u30b7\u30fc"],"_trp_automatically_translated_slug_ko_KR":["\uac1c\uc778-\uc815\ubcf4-\ubcf4\ud638-\uc815\ucc45"],"_trp_automatically_translated_slug_pt_BR":["politica-de-privacidade"],"_uagb_previous_block_counts":["a:90:{s:21:\"uagb\/advanced-heading\";i:0;s:15:\"uagb\/blockquote\";i:0;s:12:\"uagb\/buttons\";i:0;s:18:\"uagb\/buttons-child\";i:0;s:19:\"uagb\/call-to-action\";i:0;s:15:\"uagb\/cf7-styler\";i:0;s:11:\"uagb\/column\";i:0;s:12:\"uagb\/columns\";i:0;s:14:\"uagb\/container\";i:0;s:21:\"uagb\/content-timeline\";i:0;s:27:\"uagb\/content-timeline-child\";i:0;s:14:\"uagb\/countdown\";i:0;s:12:\"uagb\/counter\";i:0;s:8:\"uagb\/faq\";i:0;s:14:\"uagb\/faq-child\";i:0;s:10:\"uagb\/forms\";i:0;s:17:\"uagb\/forms-accept\";i:0;s:19:\"uagb\/forms-checkbox\";i:0;s:15:\"uagb\/forms-date\";i:0;s:16:\"uagb\/forms-email\";i:0;s:17:\"uagb\/forms-hidden\";i:0;s:15:\"uagb\/forms-name\";i:0;s:16:\"uagb\/forms-phone\";i:0;s:16:\"uagb\/forms-radio\";i:0;s:17:\"uagb\/forms-select\";i:0;s:19:\"uagb\/forms-textarea\";i:0;s:17:\"uagb\/forms-toggle\";i:0;s:14:\"uagb\/forms-url\";i:0;s:14:\"uagb\/gf-styler\";i:0;s:15:\"uagb\/google-map\";i:0;s:11:\"uagb\/how-to\";i:0;s:16:\"uagb\/how-to-step\";i:0;s:9:\"uagb\/icon\";i:0;s:14:\"uagb\/icon-list\";i:0;s:20:\"uagb\/icon-list-child\";i:0;s:10:\"uagb\/image\";i:0;s:18:\"uagb\/image-gallery\";i:0;s:13:\"uagb\/info-box\";i:0;s:18:\"uagb\/inline-notice\";i:0;s:11:\"uagb\/lottie\";i:0;s:21:\"uagb\/marketing-button\";i:0;s:10:\"uagb\/modal\";i:0;s:18:\"uagb\/popup-builder\";i:0;s:16:\"uagb\/post-button\";i:0;s:18:\"uagb\/post-carousel\";i:0;s:17:\"uagb\/post-excerpt\";i:0;s:14:\"uagb\/post-grid\";i:0;s:15:\"uagb\/post-image\";i:0;s:17:\"uagb\/post-masonry\";i:0;s:14:\"uagb\/post-meta\";i:0;s:18:\"uagb\/post-taxonomy\";i:0;s:18:\"uagb\/post-timeline\";i:0;s:15:\"uagb\/post-title\";i:0;s:20:\"uagb\/restaurant-menu\";i:0;s:26:\"uagb\/restaurant-menu-child\";i:0;s:11:\"uagb\/review\";i:0;s:12:\"uagb\/section\";i:0;s:14:\"uagb\/separator\";i:0;s:11:\"uagb\/slider\";i:0;s:17:\"uagb\/slider-child\";i:0;s:17:\"uagb\/social-share\";i:0;s:23:\"uagb\/social-share-child\";i:0;s:16:\"uagb\/star-rating\";i:0;s:23:\"uagb\/sure-cart-checkout\";i:0;s:22:\"uagb\/sure-cart-product\";i:0;s:15:\"uagb\/sure-forms\";i:0;s:22:\"uagb\/table-of-contents\";i:0;s:9:\"uagb\/tabs\";i:0;s:15:\"uagb\/tabs-child\";i:0;s:18:\"uagb\/taxonomy-list\";i:0;s:9:\"uagb\/team\";i:0;s:16:\"uagb\/testimonial\";i:0;s:14:\"uagb\/wp-search\";i:0;s:19:\"uagb\/instagram-feed\";i:0;s:10:\"uagb\/login\";i:0;s:17:\"uagb\/loop-builder\";i:0;s:18:\"uagb\/loop-category\";i:0;s:20:\"uagb\/loop-pagination\";i:0;s:15:\"uagb\/loop-reset\";i:0;s:16:\"uagb\/loop-search\";i:0;s:14:\"uagb\/loop-sort\";i:0;s:17:\"uagb\/loop-wrapper\";i:0;s:13:\"uagb\/register\";i:0;s:19:\"uagb\/register-email\";i:0;s:24:\"uagb\/register-first-name\";i:0;s:23:\"uagb\/register-last-name\";i:0;s:22:\"uagb\/register-password\";i:0;s:30:\"uagb\/register-reenter-password\";i:0;s:19:\"uagb\/register-terms\";i:0;s:22:\"uagb\/register-username\";i:0;}"],"_uag_page_assets":["a:9:{s:3:\"css\";s:0:\"\";s:2:\"js\";s:0:\"\";s:18:\"current_block_list\";a:8:{i:0;s:12:\"core\/heading\";i:1;s:14:\"core\/paragraph\";i:2;s:11:\"core\/search\";i:3;s:10:\"core\/group\";i:4;s:17:\"core\/latest-posts\";i:5;s:20:\"core\/latest-comments\";i:6;s:13:\"core\/archives\";i:7;s:15:\"core\/categories\";}s:8:\"uag_flag\";b:0;s:11:\"uag_version\";i:1777624757;s:6:\"gfonts\";a:0:{}s:10:\"gfonts_url\";s:0:\"\";s:12:\"gfonts_files\";a:0:{}s:14:\"uag_faq_layout\";b:0;}"]},"uagb_featured_image_src":{"full":false,"thumbnail":false,"medium":false,"medium_large":false,"large":false,"1536x1536":false,"2048x2048":false,"trp-custom-language-flag":false},"uagb_author_info":{"display_name":"OneExample","author_link":"https:\/\/oneexample.pro\/ja\/author\/unejemplo\/"},"uagb_comment_info":0,"uagb_excerpt":"Qui\u00e9nes somos La direcci\u00f3n de nuestra web es: https:\/\/oneexample.pro. Comentarios Cuando los visitantes dejan comentarios en la web, recopilamos los datos que se muestran en el formulario de comentarios, as\u00ed como la direcci\u00f3n IP del visitante y la cadena de agentes de usuario del navegador para ayudar a la detecci\u00f3n de spam. Una cadena an\u00f3nima&hellip;","_links":{"self":[{"href":"https:\/\/oneexample.pro\/ja\/wp-json\/wp\/v2\/pages\/19","targetHints":{"allow":["GET"]}}],"collection":[{"href":"https:\/\/oneexample.pro\/ja\/wp-json\/wp\/v2\/pages"}],"about":[{"href":"https:\/\/oneexample.pro\/ja\/wp-json\/wp\/v2\/types\/page"}],"author":[{"embeddable":true,"href":"https:\/\/oneexample.pro\/ja\/wp-json\/wp\/v2\/users\/1"}],"replies":[{"embeddable":true,"href":"https:\/\/oneexample.pro\/ja\/wp-json\/wp\/v2\/comments?post=19"}],"version-history":[{"count":0,"href":"https:\/\/oneexample.pro\/ja\/wp-json\/wp\/v2\/pages\/19\/revisions"}],"wp:attachment":[{"href":"https:\/\/oneexample.pro\/ja\/wp-json\/wp\/v2\/media?parent=19"}],"curies":[{"name":"wp","href":"https:\/\/api.w.org\/{rel}","templated":true}]}}