{"id":240,"date":"2023-12-13T13:51:35","date_gmt":"2023-12-13T13:51:35","guid":{"rendered":"https:\/\/oneexample.pro\/?page_id=240"},"modified":"2023-12-13T13:51:35","modified_gmt":"2023-12-13T13:51:35","slug":"%e3%82%b5%e3%83%bc%e3%83%93%e3%82%b9%e7%b5%82%e4%ba%86","status":"publish","type":"page","link":"https:\/\/oneexample.pro\/ja\/%e3%82%b5%e3%83%bc%e3%83%93%e3%82%b9%e7%b5%82%e4%ba%86\/","title":{"rendered":"\u30b5\u30fc\u30d3\u30b9\u898f\u7d04"},"content":{"rendered":"<hr class=\"wp-block-separator has-alpha-channel-opacity\"\/>\n\n\n\n<p class=\"has-medium-font-size\"><strong>\u3053\u3053\u306b\u3001\u3042\u306a\u305f\u306e\u8cea\u554f\u306e\u5927\u90e8\u5206\u306b\u7b54\u3048\u3089\u308c\u308b\u3088\u3046\u3001\u8fc5\u901f\u306a\u8981\u7d04\u304c\u3042\u308a\u307e\u3059\uff1a<\/strong><\/p>\n\n\n\n<p><strong>\u4f1a\u54e1\u767b\u9332\u3092\u3057\u3066\u3044\u306a\u304f\u3066\u3082\u3001UNEJEMPLO.PRO\u306e\u30d7\u30e9\u30b0\u30a4\u30f3\u3084\u30c6\u30f3\u30dd\u3092\u4f7f\u3044\u7d9a\u3051\u308b\u3053\u3068\u304c\u3067\u304d\u307e\u3059\u304b\uff1f<br><\/strong>\u306f\u3044\uff01\u79c1\u305f\u3061\u306e\u30d7\u30e9\u30b0\u30a4\u30f3\u3068\u30c6\u30f3\u30d7\u30ec\u30fc\u30c8\u306f\u3059\u3079\u3066GPL\u3067\u3059\u306e\u3067\u3001\u304a\u597d\u304d\u306a\u6642\u306b\u304a\u597d\u304d\u306a\u3060\u3051\u3001\u304a\u597d\u304d\u306a\u5834\u6240\u3067\u304a\u4f7f\u3044\u3044\u305f\u3060\u3051\u307e\u3059\u3002<\/p>\n\n\n\n<p><strong>UNEJEMPLO.PRO\u306f\u57fa\u672c\u7684\u306b\u767b\u9332\u30b5\u30fc\u30d3\u30b9\u3067\u3059\u304b\uff1f<br><\/strong>\u767b\u9332\u5185\u5bb9\u306e\u5909\u66f4\u304c\u5fc5\u8981\u306a\u5834\u5408\u306f\u3001Hub\u306b\u3042\u308b\u30a2\u30ab\u30a6\u30f3\u30c8\u30fb\u30da\u30fc\u30b8\u304b\u3089\u5909\u66f4\u3067\u304d\u307e\u3059\u3002<\/p>\n\n\n\n<p>\u3082\u3057\u3001\u3042\u306a\u305f\u306e\u30a2\u30ab\u30a6\u30f3\u30c8\u306b\u554f\u984c\u304c\u3042\u3063\u305f\u308a\u3001\u79c1\u305f\u3061\u306e\u30b5\u30fc\u30d3\u30b9\u304c\u63d0\u4f9b\u3059\u308b\u3082\u306e\u3001\u3057\u306a\u3044\u3082\u306e\u306b\u3064\u3044\u3066\u306e\u8cea\u554f\u304c\u3042\u308a\u307e\u3057\u305f\u3089\u3001\u304a\u6c17\u8efd\u306b\u3054\u9023\u7d61\u304f\u3060\u3055\u3044\u3002<\/p>\n\n\n\n<p><strong>\u3053\u308c\u304c\u305d\u306e\u9577\u7de8\u7248\u3060\u3002<br><\/strong>UNEJEMPLO.PRO\u306f\u3001\u6240\u6709\u6a29\u306b\u3088\u308a\u904b\u55b6\u3055\u308c\u3066\u3044\u307e\u3059\u3002 <a href=\"https:\/\/MORPH.media\" target=\"_blank\" rel=\"noreferrer noopener\">MORPH.\u30e1\u30c7\u30a3\u30a2<\/a> SA de CV.<br>\u4ee5\u4e0b\u306e\u898f\u7d04\u306f\u3001UNEJEMPLO.PRO\u306e\u30db\u30b9\u30c6\u30a3\u30f3\u30b0\u3001\u30c9\u30df\u30cb\u3001\u30d7\u30e9\u30b0\u30a4\u30f3\u3001API\u30b5\u30fc\u30d3\u30b9\uff08\u4ee5\u4e0b\u3001\u7dcf\u79f0\u3057\u3066\u300c\u672c\u30b5\u30fc\u30d3\u30b9\u300d\u3068\u3044\u3044\u307e\u3059\uff09\u3092\u542b\u3080\u3001UNEJEMPLO.PRO\u30b5\u30a4\u30c8\u306e\u5229\u7528\u3001\u304a\u3088\u3073\u672c\u30b5\u30a4\u30c8\u3067\u63d0\u4f9b\u3055\u308c\u308b\u3059\u3079\u3066\u306e\u30b3\u30f3\u30c6\u30f3\u30c4\u3001\u30b5\u30fc\u30d3\u30b9\u3001\u88fd\u54c1\uff08\u4ee5\u4e0b\u3001\u7dcf\u79f0\u3057\u3066\u300c\u672c\u30b5\u30fc\u30d3\u30b9\u300d\u3068\u3044\u3044\u307e\u3059\uff09\u306b\u9069\u7528\u3055\u308c\u307e\u3059\u3002\u79c1\u305f\u3061\u306e\u30b5\u30fc\u30d3\u30b9\u306f\u3001MORPH.media\uff08\u4ee5\u4e0b\u3001\u300cMORPH.media\u300d\u3068\u7dcf\u79f0\u3057\u307e\u3059\uff09\u304c\u968f\u6642\u516c\u8868\u3059\u308b\u3001\u3053\u3053\u306b\u8a18\u8f09\u3055\u308c\u3066\u3044\u308b\u3059\u3079\u3066\u306e\u6761\u9805\u304a\u3088\u3073\u6761\u4ef6\u3001\u306a\u3089\u3073\u306b\u305d\u306e\u4ed6\u306e\u904b\u55b6\u898f\u5247\u3001\u30dd\u30ea\u30b7\u30fc\uff08MORPH.media\u306e\u30d7\u30e9\u30a4\u30d0\u30b7\u30fc\u30dd\u30ea\u30b7\u30fc\u3092\u542b\u3080\uff09\u3001\u304a\u3088\u3073\u624b\u7d9a\u304d\uff08\u4ee5\u4e0b\u3001\u300c\u898f\u7d04\u300d\u3068\u7dcf\u79f0\u3057\u307e\u3059\uff09\u3092\u5909\u66f4\u3059\u308b\u3053\u3068\u306a\u304f\u3001\u3042\u306a\u305f\u304c\u53d7\u3051\u5165\u308c\u308b\u3053\u3068\u3092\u6761\u4ef6\u3068\u3057\u3066\u63d0\u4f9b\u3055\u308c\u307e\u3059\u3002\u672c\u898f\u7d04\u306f\u3001\u672c\u30b5\u30fc\u30d3\u30b9\u306e\u81ea\u52d5\u66f4\u65b0\u306b\u9069\u7528\u3055\u308c\u307e\u3059\u3002<\/p>\n\n\n\n<p>\u5f53\u793e\u306e\u30b5\u30fc\u30d3\u30b9\u306b\u30a2\u30af\u30bb\u30b9\u307e\u305f\u306f\u5229\u7528\u3059\u308b\u524d\u306b\u3001\u672c\u5229\u7528\u898f\u7d04\u3092\u3088\u304f\u304a\u8aad\u307f\u304f\u3060\u3055\u3044\u3002\u672c\u5229\u7528\u898f\u7d04\u306b\u540c\u610f\u3057\u306a\u3044\u5834\u5408\u306f\u3001\u672c\u5229\u7528\u898f\u7d04\u306b\u540c\u610f\u3057\u305f\u3082\u306e\u3068\u307f\u306a\u3055\u308c\u307e\u3059\u3002\u672c\u5229\u7528\u898f\u7d04\u306b\u540c\u610f\u3055\u308c\u306a\u3044\u5834\u5408\u306f\u3001\u672c\u30b5\u30fc\u30d3\u30b9\u306b\u30a2\u30af\u30bb\u30b9\u3059\u308b\u3053\u3068\u3082\u3001\u672c\u30b5\u30fc\u30d3\u30b9\u3092\u5229\u7528\u3059\u308b\u3053\u3068\u3082\u3067\u304d\u307e\u305b\u3093\u3002\u672c\u898f\u7d04\u304cMORPH.media\u304b\u3089\u306e\u30aa\u30d5\u30a1\u30fc\u3068\u307f\u306a\u3055\u308c\u308b\u5834\u5408\u3001\u305d\u306e\u627f\u8afe\u306f\u672c\u898f\u7d04\u306b\u660e\u793a\u7684\u306b\u9650\u5b9a\u3055\u308c\u307e\u3059\u3002<\/p>\n\n\n\n<p>UNEJEMPLO.PRO\u306e\u30b5\u30fc\u30d3\u30b9\u3092\u3054\u5229\u7528\u3044\u305f\u3060\u304f\u306b\u306f\u3001UNEJEMPLO.PRO\u306e\u30a2\u30ab\u30a6\u30f3\u30c8\u304c\u5fc5\u8981\u3067\u3059\u3002\u30a2\u30ab\u30a6\u30f3\u30c8\u767b\u9332\u306e\u969b\u306b\u306f\u3001\u5b8c\u5168\u304b\u3064\u6b63\u78ba\u306a\u60c5\u5831\u3092\u3054\u63d0\u4f9b\u304f\u3060\u3055\u3044\u3002<\/p>\n\n\n\n<hr class=\"wp-block-separator has-alpha-channel-opacity\"\/>","protected":false},"excerpt":{"rendered":"<p>Aqu\u00ed hay un resumen r\u00e1pido que esperamos responda a la mayor\u00eda de tus preguntas clave: \u00bfPuedo seguir usando los plugins y temas de UNEJEMPLO.PRO tanto tiempo como quiera, incluso si no tengo una membres\u00eda pagada?\u00a1S\u00ed! Todos nuestros plugins y temas son GPL, as\u00ed que puedes seguir us\u00e1ndolos todo el tiempo que quieras y en tantos [&hellip;]<\/p>\n","protected":false},"author":1,"featured_media":0,"parent":0,"menu_order":0,"comment_status":"closed","ping_status":"closed","template":"","meta":{"_uag_custom_page_level_css":"","site-sidebar-layout":"default","site-content-layout":"","ast-site-content-layout":"default","site-content-style":"default","site-sidebar-style":"default","ast-global-header-display":"","ast-banner-title-visibility":"","ast-main-header-display":"","ast-hfb-above-header-display":"","ast-hfb-below-header-display":"","ast-hfb-mobile-header-display":"","site-post-title":"","ast-breadcrumbs-content":"","ast-featured-img":"","footer-sml-layout":"","ast-disable-related-posts":"","theme-transparent-header-meta":"","adv-header-id-meta":"","stick-header-meta":"","header-above-stick-meta":"","header-main-stick-meta":"","header-below-stick-meta":"","astra-migrate-meta-layouts":"default","ast-page-background-enabled":"default","ast-page-background-meta":{"desktop":{"background-color":"var(--ast-global-color-4)","background-image":"","background-repeat":"repeat","background-position":"center center","background-size":"auto","background-attachment":"scroll","background-type":"","background-media":"","overlay-type":"","overlay-color":"","overlay-opacity":"","overlay-gradient":""},"tablet":{"background-color":"","background-image":"","background-repeat":"repeat","background-position":"center center","background-size":"auto","background-attachment":"scroll","background-type":"","background-media":"","overlay-type":"","overlay-color":"","overlay-opacity":"","overlay-gradient":""},"mobile":{"background-color":"","background-image":"","background-repeat":"repeat","background-position":"center center","background-size":"auto","background-attachment":"scroll","background-type":"","background-media":"","overlay-type":"","overlay-color":"","overlay-opacity":"","overlay-gradient":""}},"ast-content-background-meta":{"desktop":{"background-color":"var(--ast-global-color-5)","background-image":"","background-repeat":"repeat","background-position":"center center","background-size":"auto","background-attachment":"scroll","background-type":"","background-media":"","overlay-type":"","overlay-color":"","overlay-opacity":"","overlay-gradient":""},"tablet":{"background-color":"var(--ast-global-color-5)","background-image":"","background-repeat":"repeat","background-position":"center center","background-size":"auto","background-attachment":"scroll","background-type":"","background-media":"","overlay-type":"","overlay-color":"","overlay-opacity":"","overlay-gradient":""},"mobile":{"background-color":"var(--ast-global-color-5)","background-image":"","background-repeat":"repeat","background-position":"center center","background-size":"auto","background-attachment":"scroll","background-type":"","background-media":"","overlay-type":"","overlay-color":"","overlay-opacity":"","overlay-gradient":""}},"footnotes":""},"class_list":["post-240","page","type-page","status-publish","hentry"],"spectra_custom_meta":{"_edit_lock":["1702584050:1"],"_wds_readability":["a:4:{s:5:\"score\";i:73;s:9:\"raw_score\";i:73;s:11:\"is_readable\";b:1;s:5:\"error\";b:0;}"],"_edit_last":["1"],"_wds_trimmed_excerpt":["Aqu\u00ed hay un resumen r\u00e1pido que esperamos responda a la mayor\u00eda de tus preguntas clave: \u00bfPuedo seguir usando los plugins y temas de UNEJEMPLO.PRO tanto tiemp ..."],"_wds_focus-keywords":[""],"_uag_css_file_name":["uag-css-240.css"],"_trp_automatically_translated_slug_es_MX":["terminos-de-servicio"],"_trp_automatically_translated_slug_ko_KR":["\uc11c\ube44\uc2a4-\uc57d\uad00"],"_trp_automatically_translated_slug_ja":["\u30b5\u30fc\u30d3\u30b9\u7d42\u4e86"],"_trp_automatically_translated_slug_pt_BR":["termino-do-servico"],"_trp_automatically_translated_slug_zh_CN":["\u670d\u52a1\u6761\u6b3e"],"_uagb_previous_block_counts":["a:90:{s:21:\"uagb\/advanced-heading\";i:0;s:15:\"uagb\/blockquote\";i:0;s:12:\"uagb\/buttons\";i:0;s:18:\"uagb\/buttons-child\";i:0;s:19:\"uagb\/call-to-action\";i:0;s:15:\"uagb\/cf7-styler\";i:0;s:11:\"uagb\/column\";i:0;s:12:\"uagb\/columns\";i:0;s:14:\"uagb\/container\";i:0;s:21:\"uagb\/content-timeline\";i:0;s:27:\"uagb\/content-timeline-child\";i:0;s:14:\"uagb\/countdown\";i:0;s:12:\"uagb\/counter\";i:0;s:8:\"uagb\/faq\";i:0;s:14:\"uagb\/faq-child\";i:0;s:10:\"uagb\/forms\";i:0;s:17:\"uagb\/forms-accept\";i:0;s:19:\"uagb\/forms-checkbox\";i:0;s:15:\"uagb\/forms-date\";i:0;s:16:\"uagb\/forms-email\";i:0;s:17:\"uagb\/forms-hidden\";i:0;s:15:\"uagb\/forms-name\";i:0;s:16:\"uagb\/forms-phone\";i:0;s:16:\"uagb\/forms-radio\";i:0;s:17:\"uagb\/forms-select\";i:0;s:19:\"uagb\/forms-textarea\";i:0;s:17:\"uagb\/forms-toggle\";i:0;s:14:\"uagb\/forms-url\";i:0;s:14:\"uagb\/gf-styler\";i:0;s:15:\"uagb\/google-map\";i:0;s:11:\"uagb\/how-to\";i:0;s:16:\"uagb\/how-to-step\";i:0;s:9:\"uagb\/icon\";i:0;s:14:\"uagb\/icon-list\";i:0;s:20:\"uagb\/icon-list-child\";i:0;s:10:\"uagb\/image\";i:0;s:18:\"uagb\/image-gallery\";i:0;s:13:\"uagb\/info-box\";i:0;s:18:\"uagb\/inline-notice\";i:0;s:11:\"uagb\/lottie\";i:0;s:21:\"uagb\/marketing-button\";i:0;s:10:\"uagb\/modal\";i:0;s:18:\"uagb\/popup-builder\";i:0;s:16:\"uagb\/post-button\";i:0;s:18:\"uagb\/post-carousel\";i:0;s:17:\"uagb\/post-excerpt\";i:0;s:14:\"uagb\/post-grid\";i:0;s:15:\"uagb\/post-image\";i:0;s:17:\"uagb\/post-masonry\";i:0;s:14:\"uagb\/post-meta\";i:0;s:18:\"uagb\/post-taxonomy\";i:0;s:18:\"uagb\/post-timeline\";i:0;s:15:\"uagb\/post-title\";i:0;s:20:\"uagb\/restaurant-menu\";i:0;s:26:\"uagb\/restaurant-menu-child\";i:0;s:11:\"uagb\/review\";i:0;s:12:\"uagb\/section\";i:0;s:14:\"uagb\/separator\";i:0;s:11:\"uagb\/slider\";i:0;s:17:\"uagb\/slider-child\";i:0;s:17:\"uagb\/social-share\";i:0;s:23:\"uagb\/social-share-child\";i:0;s:16:\"uagb\/star-rating\";i:0;s:23:\"uagb\/sure-cart-checkout\";i:0;s:22:\"uagb\/sure-cart-product\";i:0;s:15:\"uagb\/sure-forms\";i:0;s:22:\"uagb\/table-of-contents\";i:0;s:9:\"uagb\/tabs\";i:0;s:15:\"uagb\/tabs-child\";i:0;s:18:\"uagb\/taxonomy-list\";i:0;s:9:\"uagb\/team\";i:0;s:16:\"uagb\/testimonial\";i:0;s:14:\"uagb\/wp-search\";i:0;s:19:\"uagb\/instagram-feed\";i:0;s:10:\"uagb\/login\";i:0;s:17:\"uagb\/loop-builder\";i:0;s:18:\"uagb\/loop-category\";i:0;s:20:\"uagb\/loop-pagination\";i:0;s:15:\"uagb\/loop-reset\";i:0;s:16:\"uagb\/loop-search\";i:0;s:14:\"uagb\/loop-sort\";i:0;s:17:\"uagb\/loop-wrapper\";i:0;s:13:\"uagb\/register\";i:0;s:19:\"uagb\/register-email\";i:0;s:24:\"uagb\/register-first-name\";i:0;s:23:\"uagb\/register-last-name\";i:0;s:22:\"uagb\/register-password\";i:0;s:30:\"uagb\/register-reenter-password\";i:0;s:19:\"uagb\/register-terms\";i:0;s:22:\"uagb\/register-username\";i:0;}"],"_uag_page_assets":["a:9:{s:3:\"css\";s:0:\"\";s:2:\"js\";s:0:\"\";s:18:\"current_block_list\";a:9:{i:0;s:14:\"core\/separator\";i:1;s:14:\"core\/paragraph\";i:2;s:11:\"core\/search\";i:3;s:10:\"core\/group\";i:4;s:12:\"core\/heading\";i:5;s:17:\"core\/latest-posts\";i:6;s:20:\"core\/latest-comments\";i:7;s:13:\"core\/archives\";i:8;s:15:\"core\/categories\";}s:8:\"uag_flag\";b:0;s:11:\"uag_version\";i:1777623536;s:6:\"gfonts\";a:0:{}s:10:\"gfonts_url\";s:0:\"\";s:12:\"gfonts_files\";a:0:{}s:14:\"uag_faq_layout\";b:0;}"]},"uagb_featured_image_src":{"full":false,"thumbnail":false,"medium":false,"medium_large":false,"large":false,"1536x1536":false,"2048x2048":false,"trp-custom-language-flag":false},"uagb_author_info":{"display_name":"OneExample","author_link":"https:\/\/oneexample.pro\/ja\/author\/unejemplo\/"},"uagb_comment_info":0,"uagb_excerpt":"Aqu\u00ed hay un resumen r\u00e1pido que esperamos responda a la mayor\u00eda de tus preguntas clave: \u00bfPuedo seguir usando los plugins y temas de UNEJEMPLO.PRO tanto tiempo como quiera, incluso si no tengo una membres\u00eda pagada?\u00a1S\u00ed! Todos nuestros plugins y temas son GPL, as\u00ed que puedes seguir us\u00e1ndolos todo el tiempo que quieras y en tantos&hellip;","_links":{"self":[{"href":"https:\/\/oneexample.pro\/ja\/wp-json\/wp\/v2\/pages\/240","targetHints":{"allow":["GET"]}}],"collection":[{"href":"https:\/\/oneexample.pro\/ja\/wp-json\/wp\/v2\/pages"}],"about":[{"href":"https:\/\/oneexample.pro\/ja\/wp-json\/wp\/v2\/types\/page"}],"author":[{"embeddable":true,"href":"https:\/\/oneexample.pro\/ja\/wp-json\/wp\/v2\/users\/1"}],"replies":[{"embeddable":true,"href":"https:\/\/oneexample.pro\/ja\/wp-json\/wp\/v2\/comments?post=240"}],"version-history":[{"count":0,"href":"https:\/\/oneexample.pro\/ja\/wp-json\/wp\/v2\/pages\/240\/revisions"}],"wp:attachment":[{"href":"https:\/\/oneexample.pro\/ja\/wp-json\/wp\/v2\/media?parent=240"}],"curies":[{"name":"wp","href":"https:\/\/api.w.org\/{rel}","templated":true}]}}