{"id":19,"date":"2023-12-11T00:53:20","date_gmt":"2023-12-11T00:53:20","guid":{"rendered":"https:\/\/oneexample.pro\/?page_id=19"},"modified":"2023-12-11T00:53:20","modified_gmt":"2023-12-11T00:53:20","slug":"%ea%b0%9c%ec%9d%b8-%ec%a0%95%eb%b3%b4-%eb%b3%b4%ed%98%b8-%ec%a0%95%ec%b1%85","status":"publish","type":"page","link":"https:\/\/oneexample.pro\/ko\/%ea%b0%9c%ec%9d%b8-%ec%a0%95%eb%b3%b4-%eb%b3%b4%ed%98%b8-%ec%a0%95%ec%b1%85\/","title":{"rendered":"\uac1c\uc778\uc815\ubcf4 \ubcf4\ud638 \uc815\ucc45"},"content":{"rendered":"<h2 class=\"wp-block-heading\">\uc6b0\ub9ac\ub294 \ub204\uad6c\uc778\uac00<\/h2>\n\n\n\n<p>\uc6f9\uc0ac\uc774\ud2b8 \uc8fc\uc18c: https:\/\/oneexample.pro.<\/p>\n\n\n\n<h2 class=\"wp-block-heading\">\ub313\uae00<\/h2>\n\n\n\n<p>\ubc29\ubb38\uc790\uac00 \uc6f9\uc5d0 \ub313\uae00\uc744 \ub0a8\uae30\uba74 \ub313\uae00 \uc591\uc2dd\uc5d0 \ud45c\uc2dc\ub418\ub294 \ub370\uc774\ud130, \uc989 \ubc29\ubb38\uc790\uc758 IP \uc8fc\uc18c\uc640 \ube0c\ub77c\uc6b0\uc800 \uc0ac\uc6a9\uc790 \uc5d0\uc774\uc804\ud2b8 \ucf54\ub4dc\uac00 \uc218\uc9d1\ub418\uc5b4 \uc2a4\ud338 \ud0d0\uc9c0\uc5d0 \ub3c4\uc6c0\uc774 \ub429\ub2c8\ub2e4.<\/p>\n\n\n\n<p>\uc774\uba54\uc77c \uc8fc\uc18c\uc5d0\uc11c \uc0dd\uc131\ub41c \uc775\uba85 \ucf54\ub4dc(\ud574\uc2dc\ub77c\uace0\ub3c4 \ud568)\ub294 \uc0ac\uc6a9 \uc5ec\ubd80\ub97c \ud655\uc778\ud558\uae30 \uc704\ud574 Gravatar \uc11c\ube44\uc2a4\uc5d0 \uc81c\uacf5\ub420 \uc218 \uc788\uc2b5\ub2c8\ub2e4. Gravatar \uc11c\ube44\uc2a4 \uac1c\uc778\uc815\ubcf4 \ucc98\ub9ac\ubc29\uce68\uc740 \uc5ec\uae30\uc5d0\uc11c \ud655\uc778\ud560 \uc218 \uc788\uc2b5\ub2c8\ub2e4: https:\/\/automattic.com\/privacy\/. \ub313\uae00\uc744 \uc2b9\uc778\ud558\uba74 \ub313\uae00 \ucee8\ud14d\uc2a4\ud2b8\uc5d0\uc11c \ud504\ub85c\ud544 \uc774\ubbf8\uc9c0\uac00 \ub300\uc911\uc5d0\uac8c \uacf5\uac1c\ub429\ub2c8\ub2e4.<\/p>\n\n\n\n<h2 class=\"wp-block-heading\">\ubbf8\ub514\uc5b4<\/h2>\n\n\n\n<p>\uc6f9\uc5d0 \uc774\ubbf8\uc9c0\ub97c \uc5c5\ub85c\ub4dc\ud558\ub294 \uacbd\uc6b0 \uc704\uce58 \ub370\uc774\ud130(GPS EXIF)\uac00 \ud3ec\ud568\ub41c \uc774\ubbf8\uc9c0\ub294 \uc5c5\ub85c\ub4dc\ud558\uc9c0 \uc54a\uc544\uc57c \ud569\ub2c8\ub2e4. \uc6f9 \ubc29\ubb38\uc790\ub294 \uc6f9\uc5d0\uc11c \uc774\ubbf8\uc9c0\uc758 \ubaa8\ub4e0 \uc704\uce58 \ub370\uc774\ud130\ub97c \ub2e4\uc6b4\ub85c\ub4dc\ud558\uc5ec \ucd94\ucd9c\ud560 \uc218 \uc788\uc2b5\ub2c8\ub2e4.<\/p>\n\n\n\n<h2 class=\"wp-block-heading\">\ucfe0\ud0a4<\/h2>\n\n\n\n<p>\ub2f9\uc0ac \uc0ac\uc774\ud2b8\uc5d0 \ub313\uae00\uc744 \ub0a8\uae30\uba74 \uc774\ub984, \uc774\uba54\uc77c \uc8fc\uc18c \ubc0f \uc6f9 \uc0ac\uc774\ud2b8\ub97c \ucfe0\ud0a4\uc5d0 \uc800\uc7a5\ud558\ub3c4\ub85d \uc120\ud0dd\ud560 \uc218 \uc788\uc2b5\ub2c8\ub2e4. \uc774\ub294 \uadc0\ud558\uc758 \ud3b8\uc758\ub97c \uc704\ud55c \uac83\uc73c\ub85c, \ub2e4\ub978 \ub313\uae00\uc744 \ub0a8\uae38 \ub54c \uadc0\ud558\uc758 \ub370\uc774\ud130\ub97c \ub2e4\uc2dc \uc77d\uc9c0 \uc54a\ub3c4\ub85d \ud558\uae30 \uc704\ud55c \uac83\uc785\ub2c8\ub2e4. \uc774 \ucfe0\ud0a4\ub294 1\ub144 \ub3d9\uc548 \uc720\ud6a8\ud569\ub2c8\ub2e4.<\/p>\n\n\n\n<p>\uacc4\uc815\uc774 \uc788\uace0 \uc774 \uc0ac\uc774\ud2b8\uc5d0 \uc811\uc18d\ud558\ub294 \uacbd\uc6b0 \uc784\uc2dc \ucfe0\ud0a4\ub97c \uc124\uce58\ud558\uc5ec \ube0c\ub77c\uc6b0\uc800\uac00 \ucfe0\ud0a4\ub97c \ud5c8\uc6a9\ud558\ub294\uc9c0 \uc5ec\ubd80\ub97c \ud655\uc778\ud569\ub2c8\ub2e4. \uc774 \ucfe0\ud0a4\ub294 \uac1c\uc778 \ub370\uc774\ud130\ub97c \ud3ec\ud568\ud558\uc9c0 \uc54a\uc73c\uba70 \ube0c\ub77c\uc6b0\uc800\ub97c \uc885\ub8cc\ud558\uba74 \uc81c\uac70\ub429\ub2c8\ub2e4.<\/p>\n\n\n\n<p>\ub85c\uadf8\uc778\ud558\uba74 \uc561\uc138\uc2a4 \uc815\ubcf4\uc640 \ud654\uba74 \ubcf4\uae30 \uc635\uc158\uc744 \uc800\uc7a5\ud558\uae30 \uc704\ud574 \ub2e4\uc591\ud55c \ucfe0\ud0a4\uac00 \uc124\uce58\ub429\ub2c8\ub2e4. \uc561\uc138\uc2a4 \ucfe0\ud0a4\ub294 \uc774\ud2c0 \ub3d9\uc548, \ud654\uba74 \uc635\uc158 \ucfe0\ud0a4\ub294 1\ub144 \ub3d9\uc548 \uc9c0\uc18d\ub429\ub2c8\ub2e4. \"\uc800\uc7a5\"\uc744 \uc120\ud0dd\ud558\uba74 2\uc8fc\uc77c \ub3d9\uc548 \uc561\uc138\uc2a4 \uad8c\ud55c\uc774 \uc0ac\ub77c\uc9d1\ub2c8\ub2e4. \uacc4\uc815\uc744 \uc0ad\uc81c\ud558\uba74 \uc561\uc138\uc2a4 \ucfe0\ud0a4\uac00 \uc0ad\uc81c\ub429\ub2c8\ub2e4.<\/p>\n\n\n\n<p>\uae30\uc0ac\ub97c \ud3b8\uc9d1\ud558\uac70\ub098 \uac8c\uc2dc\ud558\uba74 \ube0c\ub77c\uc6b0\uc800\uc5d0 \ucd94\uac00 \ucfe0\ud0a4\uac00 \uc800\uc7a5\ub429\ub2c8\ub2e4. \uc774 \ucfe0\ud0a4\ub294 \uac1c\uc778 \ub370\uc774\ud130\ub97c \ud3ec\ud568\ud558\uc9c0 \uc54a\uc73c\uba70 \ub2e8\uc21c\ud788 \ud3b8\uc9d1\ud55c \ubb38\uc11c\uc758 ID\ub97c \ud45c\uc2dc\ud569\ub2c8\ub2e4. 1\uc77c \ud6c4\uc5d0 \uc0ad\uc81c\ub429\ub2c8\ub2e4.<\/p>\n\n\n\n<h2 class=\"wp-block-heading\">\ub2e4\ub978 \uc6f9 \uc0ac\uc774\ud2b8\uc5d0\uc11c \uac00\uc838\uc628 \ucf58\ud150\uce20<\/h2>\n\n\n\n<p>\uc774 \uc0ac\uc774\ud2b8\uc758 \uae30\uc0ac\uc5d0\ub294 \uc678\ubd80 \ucf58\ud150\uce20(\uc608: \ub3d9\uc601\uc0c1, \uc774\ubbf8\uc9c0, \uae30\uc0ac \ub4f1)\uac00 \ud3ec\ud568\ub420 \uc218 \uc788\uc2b5\ub2c8\ub2e4. \ub2e4\ub978 \uc6f9 \uc0ac\uc774\ud2b8\uc5d0\uc11c \uac00\uc838\uc628 \ucf58\ud150\uce20\ub294 \ubc29\ubb38\uc790\uac00 \ub2e4\ub978 \uc6f9 \uc0ac\uc774\ud2b8\ub97c \ubc29\ubb38\ud588\uc744 \ub54c\uc640 \ub3d9\uc77c\ud55c \ubc29\uc2dd\uc73c\ub85c \uc791\ub3d9\ud569\ub2c8\ub2e4.<\/p>\n\n\n\n<p>\uc774\ub7ec\ud55c \uc6f9 \uc0ac\uc774\ud2b8\ub294 \uadc0\ud558\uc5d0 \ub300\ud55c \ub370\uc774\ud130\ub97c \uc218\uc9d1\ud558\uace0, \ucfe0\ud0a4\ub97c \uc0ac\uc6a9\ud558\uace0, \uc81c3\uc790 \ucd94\uac00 \ubcf4\uc548\uc744 \uc124\uc815\ud558\uace0, \uacc4\uc815\uc774 \uc788\uace0 \ud574\ub2f9 \uc6f9 \uc0ac\uc774\ud2b8\uc5d0 \uc5f0\uacb0\ub418\uc5b4 \uc788\ub294 \uacbd\uc6b0 \uc124\uc815\ub41c \ucf58\ud150\uce20\uc640\uc758 \uc0c1\ud638 \uc791\uc6a9\uc744 \ud3ec\ud568\ud558\uc5ec \uc124\uc815\ub41c \ucf58\ud150\uce20\uc640\uc758 \uc0c1\ud638 \uc791\uc6a9\uc744 \uac10\ub3c5\ud560 \uc218 \uc788\uc2b5\ub2c8\ub2e4.<\/p>\n\n\n\n<h2 class=\"wp-block-heading\">\ub204\uad6c\uc640 \ub370\uc774\ud130\ub97c \uacf5\uc720\ud560\uae4c\uc694?<\/h2>\n\n\n\n<p>\ube44\ubc00\ubc88\ud638 \uc7ac\uc124\uc815\uc744 \uc694\uccad\ud558\uba74 IP \uc8fc\uc18c\uac00 \uc7ac\uc124\uc815 \uc774\uba54\uc77c\uc5d0 \ud3ec\ud568\ub429\ub2c8\ub2e4.<\/p>\n\n\n\n<h2 class=\"wp-block-heading\">\ub370\uc774\ud130\ub97c \ubcf4\uc874\ud558\ub294 \uae30\uac04<\/h2>\n\n\n\n<p>\ub313\uae00\uc744 \ub0a8\uae30\uc9c0 \uc54a\uc73c\uba74 \ub313\uae00\uacfc \uba54\ud0c0\ub370\uc774\ud130\uac00 \ubb34\uae30\ud55c \ubcf4\uc874\ub429\ub2c8\ub2e4. \uc774\ub294 \uc131\uacf5\ud55c \ub313\uae00\uc744 \uc790\ub3d9\uc73c\ub85c \uc778\uc2dd\ud558\uace0 \uc2b9\uc778\ud558\uae30 \uc704\ud55c \uac83\uc73c\ub85c, \ub313\uae00\uc744 \ubaa8\ub354\ub808\uc774\uc158 \ucf5c\uc5d0 \ubcf4\uad00\ud558\ub294 \ub300\uc2e0 \uc790\ub3d9\uc73c\ub85c \uc2b9\uc778\ud560 \uc218 \uc788\uc2b5\ub2c8\ub2e4.<\/p>\n\n\n\n<p>\ub2f9\uc0ac\ub294 \ub2f9\uc0ac \uc6f9 \uc0ac\uc774\ud2b8\uc5d0 \ub4f1\ub85d\ud558\ub294 \uc0ac\uc6a9\uc790(\ub3d9\uc758\ud558\ub294 \uacbd\uc6b0) \uc911 \uc0ac\uc6a9\uc790 \ud504\ub85c\ud544\uc5d0 \uc81c\uacf5\ub41c \uac1c\uc778 \uc815\ubcf4\ub3c4 \uc800\uc7a5\ud569\ub2c8\ub2e4. \ubaa8\ub4e0 \uc0ac\uc6a9\uc790\ub294 \uc5b8\uc81c\ub4e0\uc9c0 \uc790\uc2e0\uc758 \uac1c\uc778 \uc815\ubcf4\ub97c \ud655\uc778, \ud3b8\uc9d1 \ub610\ub294 \uc0ad\uc81c\ud560 \uc218 \uc788\uc2b5\ub2c8\ub2e4(\ub2e8, \uc0ac\uc6a9\uc790 \uc774\ub984\uc740 \ubcc0\uacbd\ud560 \uc218 \uc5c6\uc74c). \uc6f9 \uad00\ub9ac\uc790\ub3c4 \uc774 \uc815\ubcf4\ub97c \ubcf4\uace0 \ud3b8\uc9d1\ud560 \uc218 \uc788\uc2b5\ub2c8\ub2e4.<\/p>\n\n\n\n<h2 class=\"wp-block-heading\">\ub370\uc774\ud130\uc5d0 \ub300\ud55c \uc0ac\uc6a9\uc790\uc758 \uad8c\ub9ac<\/h2>\n\n\n\n<p>\uc774 \uc6f9 \uc0ac\uc774\ud2b8\uc5d0 \uacc4\uc815\uc774 \uc788\uac70\ub098 \ub313\uae00\uc744 \ub0a8\uae34 \uacbd\uc6b0 \ub2f9\uc0ac\uac00 \uc81c\uacf5\ud55c \ubaa8\ub4e0 \ub370\uc774\ud130\ub97c \ud3ec\ud568\ud558\uc5ec \uadc0\ud558\uc5d0 \ub300\ud55c \uac1c\uc778 \ub370\uc774\ud130 \ub0b4\ubcf4\ub0b4\uae30 \ud30c\uc77c\uc744 \ubc1b\ub3c4\ub85d \uc694\uccad\ud560 \uc218 \uc788\uc2b5\ub2c8\ub2e4. \ub610\ud55c \uadc0\ud558\uc5d0 \ub300\ud55c \ubaa8\ub4e0 \uac1c\uc778 \ub370\uc774\ud130\ub97c \uc0ad\uc81c\ud558\ub3c4\ub85d \uc694\uccad\ud560 \uc218 \uc788\uc2b5\ub2c8\ub2e4. \uc5ec\uae30\uc5d0\ub294 \ub2f9\uc0ac\uac00 \ud589\uc815\uc801, \ubc95\uc801 \ub610\ub294 \ubcf4\uc548\uc0c1\uc758 \uc774\uc720\ub85c \ubcf4\uc874\ud560 \uc758\ubb34\uac00 \uc788\ub294 \uc5b4\ub5a0\ud55c \ub370\uc774\ud130\ub3c4 \ud3ec\ud568\ub418\uc9c0 \uc54a\uc2b5\ub2c8\ub2e4.<\/p>\n\n\n\n<h2 class=\"wp-block-heading\">\ub370\uc774\ud130\ub97c \uc804\uc1a1\ud558\ub294 \uc704\uce58<\/h2>\n\n\n\n<p>\ubc29\ubb38\uc790\uc758 \uc758\uacac\uc740 \uc2a4\ud338 \uc790\ub3d9 \ud0d0\uc9c0 \uc11c\ube44\uc2a4\ub97c \uc218\uc815\ud558\ub294 \ub370 \ub3c4\uc6c0\uc774 \ub420 \uc218 \uc788\uc2b5\ub2c8\ub2e4.<\/p>","protected":false},"excerpt":{"rendered":"<p>Qui\u00e9nes somos La direcci\u00f3n de nuestra web es: https:\/\/oneexample.pro. Comentarios Cuando los visitantes dejan comentarios en la web, recopilamos los datos que se muestran en el formulario de comentarios, as\u00ed como la direcci\u00f3n IP del visitante y la cadena de agentes de usuario del navegador para ayudar a la detecci\u00f3n de spam. Una cadena an\u00f3nima [&hellip;]<\/p>\n","protected":false},"author":1,"featured_media":0,"parent":0,"menu_order":0,"comment_status":"closed","ping_status":"closed","template":"","meta":{"_uag_custom_page_level_css":"","site-sidebar-layout":"default","site-content-layout":"","ast-site-content-layout":"default","site-content-style":"default","site-sidebar-style":"default","ast-global-header-display":"","ast-banner-title-visibility":"","ast-main-header-display":"","ast-hfb-above-header-display":"","ast-hfb-below-header-display":"","ast-hfb-mobile-header-display":"","site-post-title":"","ast-breadcrumbs-content":"","ast-featured-img":"","footer-sml-layout":"","ast-disable-related-posts":"","theme-transparent-header-meta":"","adv-header-id-meta":"","stick-header-meta":"","header-above-stick-meta":"","header-main-stick-meta":"","header-below-stick-meta":"","astra-migrate-meta-layouts":"default","ast-page-background-enabled":"default","ast-page-background-meta":{"desktop":{"background-color":"var(--ast-global-color-4)","background-image":"","background-repeat":"repeat","background-position":"center center","background-size":"auto","background-attachment":"scroll","background-type":"","background-media":"","overlay-type":"","overlay-color":"","overlay-opacity":"","overlay-gradient":""},"tablet":{"background-color":"","background-image":"","background-repeat":"repeat","background-position":"center center","background-size":"auto","background-attachment":"scroll","background-type":"","background-media":"","overlay-type":"","overlay-color":"","overlay-opacity":"","overlay-gradient":""},"mobile":{"background-color":"","background-image":"","background-repeat":"repeat","background-position":"center center","background-size":"auto","background-attachment":"scroll","background-type":"","background-media":"","overlay-type":"","overlay-color":"","overlay-opacity":"","overlay-gradient":""}},"ast-content-background-meta":{"desktop":{"background-color":"var(--ast-global-color-5)","background-image":"","background-repeat":"repeat","background-position":"center center","background-size":"auto","background-attachment":"scroll","background-type":"","background-media":"","overlay-type":"","overlay-color":"","overlay-opacity":"","overlay-gradient":""},"tablet":{"background-color":"var(--ast-global-color-5)","background-image":"","background-repeat":"repeat","background-position":"center center","background-size":"auto","background-attachment":"scroll","background-type":"","background-media":"","overlay-type":"","overlay-color":"","overlay-opacity":"","overlay-gradient":""},"mobile":{"background-color":"var(--ast-global-color-5)","background-image":"","background-repeat":"repeat","background-position":"center center","background-size":"auto","background-attachment":"scroll","background-type":"","background-media":"","overlay-type":"","overlay-color":"","overlay-opacity":"","overlay-gradient":""}},"footnotes":""},"class_list":["post-19","page","type-page","status-publish","hentry"],"spectra_custom_meta":{"_edit_lock":["1702256003:1"],"_wds_readability":["a:4:{s:5:\"score\";i:71;s:9:\"raw_score\";i:71;s:11:\"is_readable\";b:1;s:5:\"error\";b:0;}"],"_edit_last":["1"],"_wds_trimmed_excerpt":["Qui\u00e9nes somos La direcci\u00f3n de nuestra web es: https:\/\/oneexample.pro. Comentarios Cuando los visitantes dejan comentarios en la web, recopilamos los datos qu ..."],"_uag_css_file_name":["uag-css-19.css"],"_trp_automatically_translated_slug_es_MX":["privacy-policy"],"_trp_automatically_translated_slug_zh_CN":["\u9690\u79c1\u653f\u7b56"],"_trp_automatically_translated_slug_ja":["\u30d7\u30e9\u30a4\u30d0\u30b7\u30fc\u30dd\u30ea\u30b7\u30fc"],"_trp_automatically_translated_slug_ko_KR":["\uac1c\uc778-\uc815\ubcf4-\ubcf4\ud638-\uc815\ucc45"],"_trp_automatically_translated_slug_pt_BR":["politica-de-privacidade"],"_uagb_previous_block_counts":["a:90:{s:21:\"uagb\/advanced-heading\";i:0;s:15:\"uagb\/blockquote\";i:0;s:12:\"uagb\/buttons\";i:0;s:18:\"uagb\/buttons-child\";i:0;s:19:\"uagb\/call-to-action\";i:0;s:15:\"uagb\/cf7-styler\";i:0;s:11:\"uagb\/column\";i:0;s:12:\"uagb\/columns\";i:0;s:14:\"uagb\/container\";i:0;s:21:\"uagb\/content-timeline\";i:0;s:27:\"uagb\/content-timeline-child\";i:0;s:14:\"uagb\/countdown\";i:0;s:12:\"uagb\/counter\";i:0;s:8:\"uagb\/faq\";i:0;s:14:\"uagb\/faq-child\";i:0;s:10:\"uagb\/forms\";i:0;s:17:\"uagb\/forms-accept\";i:0;s:19:\"uagb\/forms-checkbox\";i:0;s:15:\"uagb\/forms-date\";i:0;s:16:\"uagb\/forms-email\";i:0;s:17:\"uagb\/forms-hidden\";i:0;s:15:\"uagb\/forms-name\";i:0;s:16:\"uagb\/forms-phone\";i:0;s:16:\"uagb\/forms-radio\";i:0;s:17:\"uagb\/forms-select\";i:0;s:19:\"uagb\/forms-textarea\";i:0;s:17:\"uagb\/forms-toggle\";i:0;s:14:\"uagb\/forms-url\";i:0;s:14:\"uagb\/gf-styler\";i:0;s:15:\"uagb\/google-map\";i:0;s:11:\"uagb\/how-to\";i:0;s:16:\"uagb\/how-to-step\";i:0;s:9:\"uagb\/icon\";i:0;s:14:\"uagb\/icon-list\";i:0;s:20:\"uagb\/icon-list-child\";i:0;s:10:\"uagb\/image\";i:0;s:18:\"uagb\/image-gallery\";i:0;s:13:\"uagb\/info-box\";i:0;s:18:\"uagb\/inline-notice\";i:0;s:11:\"uagb\/lottie\";i:0;s:21:\"uagb\/marketing-button\";i:0;s:10:\"uagb\/modal\";i:0;s:18:\"uagb\/popup-builder\";i:0;s:16:\"uagb\/post-button\";i:0;s:18:\"uagb\/post-carousel\";i:0;s:17:\"uagb\/post-excerpt\";i:0;s:14:\"uagb\/post-grid\";i:0;s:15:\"uagb\/post-image\";i:0;s:17:\"uagb\/post-masonry\";i:0;s:14:\"uagb\/post-meta\";i:0;s:18:\"uagb\/post-taxonomy\";i:0;s:18:\"uagb\/post-timeline\";i:0;s:15:\"uagb\/post-title\";i:0;s:20:\"uagb\/restaurant-menu\";i:0;s:26:\"uagb\/restaurant-menu-child\";i:0;s:11:\"uagb\/review\";i:0;s:12:\"uagb\/section\";i:0;s:14:\"uagb\/separator\";i:0;s:11:\"uagb\/slider\";i:0;s:17:\"uagb\/slider-child\";i:0;s:17:\"uagb\/social-share\";i:0;s:23:\"uagb\/social-share-child\";i:0;s:16:\"uagb\/star-rating\";i:0;s:23:\"uagb\/sure-cart-checkout\";i:0;s:22:\"uagb\/sure-cart-product\";i:0;s:15:\"uagb\/sure-forms\";i:0;s:22:\"uagb\/table-of-contents\";i:0;s:9:\"uagb\/tabs\";i:0;s:15:\"uagb\/tabs-child\";i:0;s:18:\"uagb\/taxonomy-list\";i:0;s:9:\"uagb\/team\";i:0;s:16:\"uagb\/testimonial\";i:0;s:14:\"uagb\/wp-search\";i:0;s:19:\"uagb\/instagram-feed\";i:0;s:10:\"uagb\/login\";i:0;s:17:\"uagb\/loop-builder\";i:0;s:18:\"uagb\/loop-category\";i:0;s:20:\"uagb\/loop-pagination\";i:0;s:15:\"uagb\/loop-reset\";i:0;s:16:\"uagb\/loop-search\";i:0;s:14:\"uagb\/loop-sort\";i:0;s:17:\"uagb\/loop-wrapper\";i:0;s:13:\"uagb\/register\";i:0;s:19:\"uagb\/register-email\";i:0;s:24:\"uagb\/register-first-name\";i:0;s:23:\"uagb\/register-last-name\";i:0;s:22:\"uagb\/register-password\";i:0;s:30:\"uagb\/register-reenter-password\";i:0;s:19:\"uagb\/register-terms\";i:0;s:22:\"uagb\/register-username\";i:0;}"],"_uag_page_assets":["a:9:{s:3:\"css\";s:0:\"\";s:2:\"js\";s:0:\"\";s:18:\"current_block_list\";a:8:{i:0;s:12:\"core\/heading\";i:1;s:14:\"core\/paragraph\";i:2;s:11:\"core\/search\";i:3;s:10:\"core\/group\";i:4;s:17:\"core\/latest-posts\";i:5;s:20:\"core\/latest-comments\";i:6;s:13:\"core\/archives\";i:7;s:15:\"core\/categories\";}s:8:\"uag_flag\";b:0;s:11:\"uag_version\";i:1777623653;s:6:\"gfonts\";a:0:{}s:10:\"gfonts_url\";s:0:\"\";s:12:\"gfonts_files\";a:0:{}s:14:\"uag_faq_layout\";b:0;}"]},"uagb_featured_image_src":{"full":false,"thumbnail":false,"medium":false,"medium_large":false,"large":false,"1536x1536":false,"2048x2048":false,"trp-custom-language-flag":false},"uagb_author_info":{"display_name":"OneExample","author_link":"https:\/\/oneexample.pro\/ko\/author\/unejemplo\/"},"uagb_comment_info":0,"uagb_excerpt":"Qui\u00e9nes somos La direcci\u00f3n de nuestra web es: https:\/\/oneexample.pro. Comentarios Cuando los visitantes dejan comentarios en la web, recopilamos los datos que se muestran en el formulario de comentarios, as\u00ed como la direcci\u00f3n IP del visitante y la cadena de agentes de usuario del navegador para ayudar a la detecci\u00f3n de spam. Una cadena an\u00f3nima&hellip;","_links":{"self":[{"href":"https:\/\/oneexample.pro\/ko\/wp-json\/wp\/v2\/pages\/19","targetHints":{"allow":["GET"]}}],"collection":[{"href":"https:\/\/oneexample.pro\/ko\/wp-json\/wp\/v2\/pages"}],"about":[{"href":"https:\/\/oneexample.pro\/ko\/wp-json\/wp\/v2\/types\/page"}],"author":[{"embeddable":true,"href":"https:\/\/oneexample.pro\/ko\/wp-json\/wp\/v2\/users\/1"}],"replies":[{"embeddable":true,"href":"https:\/\/oneexample.pro\/ko\/wp-json\/wp\/v2\/comments?post=19"}],"version-history":[{"count":0,"href":"https:\/\/oneexample.pro\/ko\/wp-json\/wp\/v2\/pages\/19\/revisions"}],"wp:attachment":[{"href":"https:\/\/oneexample.pro\/ko\/wp-json\/wp\/v2\/media?parent=19"}],"curies":[{"name":"wp","href":"https:\/\/api.w.org\/{rel}","templated":true}]}}