{"id":240,"date":"2023-12-13T13:51:35","date_gmt":"2023-12-13T13:51:35","guid":{"rendered":"https:\/\/oneexample.pro\/?page_id=240"},"modified":"2023-12-13T13:51:35","modified_gmt":"2023-12-13T13:51:35","slug":"%ec%84%9c%eb%b9%84%ec%8a%a4-%ec%95%bd%ea%b4%80","status":"publish","type":"page","link":"https:\/\/oneexample.pro\/ko\/%ec%84%9c%eb%b9%84%ec%8a%a4-%ec%95%bd%ea%b4%80\/","title":{"rendered":"\uc11c\ube44\uc2a4 \uc57d\uad00"},"content":{"rendered":"<hr class=\"wp-block-separator has-alpha-channel-opacity\"\/>\n\n\n\n<p class=\"has-medium-font-size\"><strong>\ub2e4\uc74c\uc740 \ub300\ubd80\ubd84\uc758 \uc9c8\ubb38\uc5d0 \ub300\ud55c \ube60\ub978 \ub2f5\ubcc0\uc744 \uae30\ub2e4\ub9ac\ub294 \ube60\ub978 \uc774\ub825\uc11c\uc785\ub2c8\ub2e4:<\/strong><\/p>\n\n\n\n<p><strong>\uc720\ub8cc \uba64\ubc84\uc2ed\uc774 \uc5c6\ub294 \uacbd\uc6b0\uc5d0\ub3c4 \uc6d0\ud558\ub294 \ub9cc\ud07c \uc5b8\uc81c\ub4e0 UNEJEMPLO.PRO\uc758 \ud50c\ub7ec\uadf8\uc778\uacfc \ud14c\ub9c8\ub97c \uc0ac\uc6a9\ud560 \uc218 \uc788\ub098\uc694?<br><\/strong>\ub124! \ub2f9\uc0ac\uc758 \ubaa8\ub4e0 \ud50c\ub7ec\uadf8\uc778\uacfc \ud14c\ub9c8\ub294 GPL\uc774\ubbc0\ub85c \uc6d0\ud558\ub294 \uae30\uac04 \ub3d9\uc548 \uc6d0\ud558\ub294 \ubaa8\ub4e0 \uc0ac\uc774\ud2b8\uc5d0\uc11c \uc0ac\uc6a9\ud560 \uc218 \uc788\uc2b5\ub2c8\ub2e4.<\/p>\n\n\n\n<p><strong>\uc720\ub2c8\uc82c\ud50c\ub85c \ud504\ub85c\ub294 \uae30\ubcf8\uc801\uc73c\ub85c \uad6c\ub3c5 \uc11c\ube44\uc2a4\uc778\uac00\uc694?<br><\/strong>\uc608, \uad6c\ub3c5\uc744 \ubcc0\uacbd\ud574\uc57c \ud558\ub294 \uacbd\uc6b0 \ud5c8\ube0c\uc5d0 \uc788\ub294 \uacc4\uc815 \ud398\uc774\uc9c0\ub97c \ud1b5\ud574 \ubcc0\uacbd\ud560 \uc218 \uc788\uc2b5\ub2c8\ub2e4(\ub85c\uadf8\uc778\ud55c \ud6c4 \uc5ec\uae30\ub97c \ud074\ub9ad\ud558\uc138\uc694).<\/p>\n\n\n\n<p>\ub9c8\uc9c0\ub9c9\uc73c\ub85c, \uc911\uc694\ud558\uc9c0\ub294 \uc54a\uc9c0\ub9cc \uacc4\uc815\uc5d0 \ubb38\uc81c\uac00 \uc788\uac70\ub098 \ub2f9\uc0ac \uc11c\ube44\uc2a4\uc5d0\uc11c \uc81c\uacf5\ud558\uac70\ub098 \uc81c\uacf5\ud558\uc9c0 \uc54a\ub294 \uc11c\ube44\uc2a4\uc5d0 \ub300\ud55c \uc9c8\ubb38\uc774 \uc788\ub294 \uacbd\uc6b0 \ubb38\uc758\ud574 \uc8fc\uc2dc\uba74 \uae30\uaebc\uc774 \ub3c4\uc640\ub4dc\ub9ac\uaca0\uc2b5\ub2c8\ub2e4.<\/p>\n\n\n\n<p><strong>\uadf8\ub9ac\uace0 \uc5ec\uae30 \ud070 \ubc84\uc804\uc774 \uc788\uc2b5\ub2c8\ub2e4...<br><\/strong>UNEJEMPLO.PRO\ub294 \ub2e4\uc74c\uc5d0 \uc758\ud574 \uc18c\uc720\ub418\uace0 \uc6b4\uc601\ub429\ub2c8\ub2e4. <a href=\"https:\/\/MORPH.media\" target=\"_blank\" rel=\"noreferrer noopener\">MORPH.media<\/a> SA de CV.<br>\ub2e4\uc74c \uc774\uc6a9\uc57d\uad00(\"\uc57d\uad00\")\uc740 UNEJEMPLO.PRO \uc6f9 \uc0ac\uc774\ud2b8, \ub3c4\uba54\uc778, \ubaa8\ub4e0 \ud50c\ub7ec\uadf8\uc778 \ubc0f \ub2f9\uc0ac\uc758 API \uc11c\ube44\uc2a4(\ucd1d\uce6d\ud558\uc5ec \"\uc11c\ube44\uc2a4\")\ub97c \ud3ec\ud568\ud558\uc5ec \uc6f9 \uc0ac\uc774\ud2b8\uc5d0\uc11c \ub610\ub294 \uc6f9 \uc0ac\uc774\ud2b8\ub97c \ud1b5\ud574 \uc81c\uacf5\ub418\ub294 \ubaa8\ub4e0 \ucf58\ud150\uce20, \uc11c\ube44\uc2a4 \ubc0f \uc81c\ud488(\uc774\uc5d0 \uad6d\ud55c\ub418\uc9c0 \uc54a\uc74c)\uc758 \ubaa8\ub4e0 \uc0ac\uc6a9\uacfc UNEJEMPLO.PRO \ud638\uc2a4\ud305\uc744 \ud3ec\ud568\ud569\ub2c8\ub2e4. \ub2f9\uc0ac\uc758 \uc11c\ube44\uc2a4\ub294 \uc5ec\uae30\uc5d0 \ud3ec\ud568\ub41c \ubaa8\ub4e0 \uc57d\uad00 \ubc0f \uc870\uac74\uacfc MORPH.media\uac00 \uac8c\uc2dc\ud560 \uc218 \uc788\ub294 \ubaa8\ub4e0 \uc6b4\uc601 \uaddc\uc815, \uc815\ucc45(MORPH.media\uc758 \uac1c\uc778\uc815\ubcf4 \ubcf4\ud638\uc815\ucc45\uc744 \ud3ec\ud568\ud558\ub418 \uc774\uc5d0 \uad6d\ud55c\ub418\uc9c0 \uc54a\uc74c) \ubc0f \uc808\ucc28(\ucd1d\uce6d\ud558\uc5ec \"\uc57d\uad00\")\uc758 \uc218\uc815 \uc5c6\uc774 \uadc0\ud558\uc758 \uc218\ub77d\uc5d0 \ub530\ub77c \uc81c\uacf5\ub429\ub2c8\ub2e4. \ub2f9\uc0ac\uac00 \ub2f9\uc0ac\uc758 \uc11c\ube44\uc2a4\ub97c \uc790\ub3d9\uc73c\ub85c \uc5c5\ub370\uc774\ud2b8\ud560 \uc218 \uc788\ub2e4\ub294 \ub370 \ub3d9\uc758\ud558\uba70, \uc774\ub7ec\ud55c \uc57d\uad00\uc740 \ubaa8\ub4e0 \uc5c5\ub370\uc774\ud2b8\uc5d0 \uc801\uc6a9\ub429\ub2c8\ub2e4.<\/p>\n\n\n\n<p>\ub2f9\uc0ac \uc11c\ube44\uc2a4\uc5d0 \uc561\uc138\uc2a4\ud558\uac70\ub098 \uc11c\ube44\uc2a4\ub97c \uc774\uc6a9\ud558\uae30 \uc804\uc5d0 \ubcf8 \uc57d\uad00\uc744 \uc8fc\uc758 \uae4a\uac8c \uc77d\uc5b4\uc8fc\uc2dc\uae30 \ubc14\ub78d\ub2c8\ub2e4. \ub2f9\uc0ac\uc758 \uc11c\ube44\uc2a4\uc5d0 \uc561\uc138\uc2a4\ud558\uac70\ub098 \uc11c\ube44\uc2a4\ub97c \uc774\uc6a9\ud558\uba74 \ubcf8 \uc57d\uad00\uc5d0 \ub3d9\uc758\ud558\ub294 \uac83\uc73c\ub85c \uac04\uc8fc\ub429\ub2c8\ub2e4. \ubcf8 \uaddc\uc57d\uc758 \ubaa8\ub4e0 \uc57d\uad00\uc5d0 \ub3d9\uc758\ud558\uc9c0 \uc54a\ub294 \uacbd\uc6b0, \ub2f9\uc0ac\uc758 \uc11c\ube44\uc2a4\uc5d0 \uc561\uc138\uc2a4\ud558\uac70\ub098 \ub2f9\uc0ac\uc758 \uc11c\ube44\uc2a4\ub97c \uc0ac\uc6a9\ud560 \uc218 \uc5c6\uc2b5\ub2c8\ub2e4. \ubcf8 \uc57d\uad00\uc774 MORPH.media\uc758 \uc81c\uc548\uc73c\ub85c \uac04\uc8fc\ub418\ub294 \uacbd\uc6b0, \uc218\ub77d\uc740 \ubcf8 \uc57d\uad00\uc5d0 \uba85\uc2dc\uc801\uc73c\ub85c \uc81c\ud55c\ub429\ub2c8\ub2e4.<\/p>\n\n\n\n<p>\ub2f9\uc0ac \uc11c\ube44\uc2a4\ub97c \uc774\uc6a9\ud558\ub824\uba74 UNEJEMPLO.PRO \uacc4\uc815\uc774 \ud544\uc694\ud569\ub2c8\ub2e4. \uacc4\uc815 \ub4f1\ub85d \uc2dc \uc804\uccb4 \ubc0f \uc815\ud655\ud55c \uc815\ubcf4 \uc81c\uacf5\uc5d0 \ub3d9\uc758\ud569\ub2c8\ub2e4.<\/p>\n\n\n\n<hr class=\"wp-block-separator has-alpha-channel-opacity\"\/>","protected":false},"excerpt":{"rendered":"<p>Aqu\u00ed hay un resumen r\u00e1pido que esperamos responda a la mayor\u00eda de tus preguntas clave: \u00bfPuedo seguir usando los plugins y temas de UNEJEMPLO.PRO tanto tiempo como quiera, incluso si no tengo una membres\u00eda pagada?\u00a1S\u00ed! Todos nuestros plugins y temas son GPL, as\u00ed que puedes seguir us\u00e1ndolos todo el tiempo que quieras y en tantos [&hellip;]<\/p>\n","protected":false},"author":1,"featured_media":0,"parent":0,"menu_order":0,"comment_status":"closed","ping_status":"closed","template":"","meta":{"_uag_custom_page_level_css":"","site-sidebar-layout":"default","site-content-layout":"","ast-site-content-layout":"default","site-content-style":"default","site-sidebar-style":"default","ast-global-header-display":"","ast-banner-title-visibility":"","ast-main-header-display":"","ast-hfb-above-header-display":"","ast-hfb-below-header-display":"","ast-hfb-mobile-header-display":"","site-post-title":"","ast-breadcrumbs-content":"","ast-featured-img":"","footer-sml-layout":"","ast-disable-related-posts":"","theme-transparent-header-meta":"","adv-header-id-meta":"","stick-header-meta":"","header-above-stick-meta":"","header-main-stick-meta":"","header-below-stick-meta":"","astra-migrate-meta-layouts":"default","ast-page-background-enabled":"default","ast-page-background-meta":{"desktop":{"background-color":"var(--ast-global-color-4)","background-image":"","background-repeat":"repeat","background-position":"center center","background-size":"auto","background-attachment":"scroll","background-type":"","background-media":"","overlay-type":"","overlay-color":"","overlay-opacity":"","overlay-gradient":""},"tablet":{"background-color":"","background-image":"","background-repeat":"repeat","background-position":"center center","background-size":"auto","background-attachment":"scroll","background-type":"","background-media":"","overlay-type":"","overlay-color":"","overlay-opacity":"","overlay-gradient":""},"mobile":{"background-color":"","background-image":"","background-repeat":"repeat","background-position":"center center","background-size":"auto","background-attachment":"scroll","background-type":"","background-media":"","overlay-type":"","overlay-color":"","overlay-opacity":"","overlay-gradient":""}},"ast-content-background-meta":{"desktop":{"background-color":"var(--ast-global-color-5)","background-image":"","background-repeat":"repeat","background-position":"center center","background-size":"auto","background-attachment":"scroll","background-type":"","background-media":"","overlay-type":"","overlay-color":"","overlay-opacity":"","overlay-gradient":""},"tablet":{"background-color":"var(--ast-global-color-5)","background-image":"","background-repeat":"repeat","background-position":"center center","background-size":"auto","background-attachment":"scroll","background-type":"","background-media":"","overlay-type":"","overlay-color":"","overlay-opacity":"","overlay-gradient":""},"mobile":{"background-color":"var(--ast-global-color-5)","background-image":"","background-repeat":"repeat","background-position":"center center","background-size":"auto","background-attachment":"scroll","background-type":"","background-media":"","overlay-type":"","overlay-color":"","overlay-opacity":"","overlay-gradient":""}},"footnotes":""},"class_list":["post-240","page","type-page","status-publish","hentry"],"spectra_custom_meta":{"_edit_lock":["1702584050:1"],"_wds_readability":["a:4:{s:5:\"score\";i:73;s:9:\"raw_score\";i:73;s:11:\"is_readable\";b:1;s:5:\"error\";b:0;}"],"_edit_last":["1"],"_wds_trimmed_excerpt":["Aqu\u00ed hay un resumen r\u00e1pido que esperamos responda a la mayor\u00eda de tus preguntas clave: \u00bfPuedo seguir usando los plugins y temas de UNEJEMPLO.PRO tanto tiemp ..."],"_wds_focus-keywords":[""],"_uag_css_file_name":["uag-css-240.css"],"_trp_automatically_translated_slug_es_MX":["terminos-de-servicio"],"_trp_automatically_translated_slug_ko_KR":["\uc11c\ube44\uc2a4-\uc57d\uad00"],"_trp_automatically_translated_slug_ja":["\u30b5\u30fc\u30d3\u30b9\u7d42\u4e86"],"_trp_automatically_translated_slug_pt_BR":["termino-do-servico"],"_trp_automatically_translated_slug_zh_CN":["\u670d\u52a1\u6761\u6b3e"],"_uagb_previous_block_counts":["a:90:{s:21:\"uagb\/advanced-heading\";i:0;s:15:\"uagb\/blockquote\";i:0;s:12:\"uagb\/buttons\";i:0;s:18:\"uagb\/buttons-child\";i:0;s:19:\"uagb\/call-to-action\";i:0;s:15:\"uagb\/cf7-styler\";i:0;s:11:\"uagb\/column\";i:0;s:12:\"uagb\/columns\";i:0;s:14:\"uagb\/container\";i:0;s:21:\"uagb\/content-timeline\";i:0;s:27:\"uagb\/content-timeline-child\";i:0;s:14:\"uagb\/countdown\";i:0;s:12:\"uagb\/counter\";i:0;s:8:\"uagb\/faq\";i:0;s:14:\"uagb\/faq-child\";i:0;s:10:\"uagb\/forms\";i:0;s:17:\"uagb\/forms-accept\";i:0;s:19:\"uagb\/forms-checkbox\";i:0;s:15:\"uagb\/forms-date\";i:0;s:16:\"uagb\/forms-email\";i:0;s:17:\"uagb\/forms-hidden\";i:0;s:15:\"uagb\/forms-name\";i:0;s:16:\"uagb\/forms-phone\";i:0;s:16:\"uagb\/forms-radio\";i:0;s:17:\"uagb\/forms-select\";i:0;s:19:\"uagb\/forms-textarea\";i:0;s:17:\"uagb\/forms-toggle\";i:0;s:14:\"uagb\/forms-url\";i:0;s:14:\"uagb\/gf-styler\";i:0;s:15:\"uagb\/google-map\";i:0;s:11:\"uagb\/how-to\";i:0;s:16:\"uagb\/how-to-step\";i:0;s:9:\"uagb\/icon\";i:0;s:14:\"uagb\/icon-list\";i:0;s:20:\"uagb\/icon-list-child\";i:0;s:10:\"uagb\/image\";i:0;s:18:\"uagb\/image-gallery\";i:0;s:13:\"uagb\/info-box\";i:0;s:18:\"uagb\/inline-notice\";i:0;s:11:\"uagb\/lottie\";i:0;s:21:\"uagb\/marketing-button\";i:0;s:10:\"uagb\/modal\";i:0;s:18:\"uagb\/popup-builder\";i:0;s:16:\"uagb\/post-button\";i:0;s:18:\"uagb\/post-carousel\";i:0;s:17:\"uagb\/post-excerpt\";i:0;s:14:\"uagb\/post-grid\";i:0;s:15:\"uagb\/post-image\";i:0;s:17:\"uagb\/post-masonry\";i:0;s:14:\"uagb\/post-meta\";i:0;s:18:\"uagb\/post-taxonomy\";i:0;s:18:\"uagb\/post-timeline\";i:0;s:15:\"uagb\/post-title\";i:0;s:20:\"uagb\/restaurant-menu\";i:0;s:26:\"uagb\/restaurant-menu-child\";i:0;s:11:\"uagb\/review\";i:0;s:12:\"uagb\/section\";i:0;s:14:\"uagb\/separator\";i:0;s:11:\"uagb\/slider\";i:0;s:17:\"uagb\/slider-child\";i:0;s:17:\"uagb\/social-share\";i:0;s:23:\"uagb\/social-share-child\";i:0;s:16:\"uagb\/star-rating\";i:0;s:23:\"uagb\/sure-cart-checkout\";i:0;s:22:\"uagb\/sure-cart-product\";i:0;s:15:\"uagb\/sure-forms\";i:0;s:22:\"uagb\/table-of-contents\";i:0;s:9:\"uagb\/tabs\";i:0;s:15:\"uagb\/tabs-child\";i:0;s:18:\"uagb\/taxonomy-list\";i:0;s:9:\"uagb\/team\";i:0;s:16:\"uagb\/testimonial\";i:0;s:14:\"uagb\/wp-search\";i:0;s:19:\"uagb\/instagram-feed\";i:0;s:10:\"uagb\/login\";i:0;s:17:\"uagb\/loop-builder\";i:0;s:18:\"uagb\/loop-category\";i:0;s:20:\"uagb\/loop-pagination\";i:0;s:15:\"uagb\/loop-reset\";i:0;s:16:\"uagb\/loop-search\";i:0;s:14:\"uagb\/loop-sort\";i:0;s:17:\"uagb\/loop-wrapper\";i:0;s:13:\"uagb\/register\";i:0;s:19:\"uagb\/register-email\";i:0;s:24:\"uagb\/register-first-name\";i:0;s:23:\"uagb\/register-last-name\";i:0;s:22:\"uagb\/register-password\";i:0;s:30:\"uagb\/register-reenter-password\";i:0;s:19:\"uagb\/register-terms\";i:0;s:22:\"uagb\/register-username\";i:0;}"],"_uag_page_assets":["a:9:{s:3:\"css\";s:0:\"\";s:2:\"js\";s:0:\"\";s:18:\"current_block_list\";a:9:{i:0;s:14:\"core\/separator\";i:1;s:14:\"core\/paragraph\";i:2;s:11:\"core\/search\";i:3;s:10:\"core\/group\";i:4;s:12:\"core\/heading\";i:5;s:17:\"core\/latest-posts\";i:6;s:20:\"core\/latest-comments\";i:7;s:13:\"core\/archives\";i:8;s:15:\"core\/categories\";}s:8:\"uag_flag\";b:0;s:11:\"uag_version\";i:1777624393;s:6:\"gfonts\";a:0:{}s:10:\"gfonts_url\";s:0:\"\";s:12:\"gfonts_files\";a:0:{}s:14:\"uag_faq_layout\";b:0;}"]},"uagb_featured_image_src":{"full":false,"thumbnail":false,"medium":false,"medium_large":false,"large":false,"1536x1536":false,"2048x2048":false,"trp-custom-language-flag":false},"uagb_author_info":{"display_name":"OneExample","author_link":"https:\/\/oneexample.pro\/ko\/author\/unejemplo\/"},"uagb_comment_info":0,"uagb_excerpt":"Aqu\u00ed hay un resumen r\u00e1pido que esperamos responda a la mayor\u00eda de tus preguntas clave: \u00bfPuedo seguir usando los plugins y temas de UNEJEMPLO.PRO tanto tiempo como quiera, incluso si no tengo una membres\u00eda pagada?\u00a1S\u00ed! Todos nuestros plugins y temas son GPL, as\u00ed que puedes seguir us\u00e1ndolos todo el tiempo que quieras y en tantos&hellip;","_links":{"self":[{"href":"https:\/\/oneexample.pro\/ko\/wp-json\/wp\/v2\/pages\/240","targetHints":{"allow":["GET"]}}],"collection":[{"href":"https:\/\/oneexample.pro\/ko\/wp-json\/wp\/v2\/pages"}],"about":[{"href":"https:\/\/oneexample.pro\/ko\/wp-json\/wp\/v2\/types\/page"}],"author":[{"embeddable":true,"href":"https:\/\/oneexample.pro\/ko\/wp-json\/wp\/v2\/users\/1"}],"replies":[{"embeddable":true,"href":"https:\/\/oneexample.pro\/ko\/wp-json\/wp\/v2\/comments?post=240"}],"version-history":[{"count":0,"href":"https:\/\/oneexample.pro\/ko\/wp-json\/wp\/v2\/pages\/240\/revisions"}],"wp:attachment":[{"href":"https:\/\/oneexample.pro\/ko\/wp-json\/wp\/v2\/media?parent=240"}],"curies":[{"name":"wp","href":"https:\/\/api.w.org\/{rel}","templated":true}]}}