{"id":19,"date":"2023-12-11T00:53:20","date_gmt":"2023-12-11T00:53:20","guid":{"rendered":"https:\/\/oneexample.pro\/?page_id=19"},"modified":"2023-12-11T00:53:20","modified_gmt":"2023-12-11T00:53:20","slug":"%e9%9a%90%e7%a7%81%e6%94%bf%e7%ad%96","status":"publish","type":"page","link":"https:\/\/oneexample.pro\/zh\/%e9%9a%90%e7%a7%81%e6%94%bf%e7%ad%96\/","title":{"rendered":"\u9690\u79c1\u653f\u7b56"},"content":{"rendered":"<h2 class=\"wp-block-heading\">\u6211\u4eec\u662f\u8c01<\/h2>\n\n\n\n<p>\u6211\u4eec\u7684\u7f51\u7ad9\u5730\u5740\u662f\uff1a https:\/\/oneexample.pro\u3002<\/p>\n\n\n\n<h2 class=\"wp-block-heading\">\u8bc4\u8bba<\/h2>\n\n\n\n<p>\u5f53\u8bbf\u95ee\u8005\u5728\u7f51\u7ad9\u4e0a\u53d1\u8868\u8bc4\u8bba\u65f6\uff0c\u6211\u4eec\u4f1a\u91cd\u65b0\u5f55\u5165\u8bc4\u8bba\u8868\u4e2d\u663e\u793a\u7684\u6570\u636e\uff0c\u4ee5\u53ca\u8bbf\u95ee\u8005\u7684 IP \u5730\u5740\u548c\u7f51\u7ad9\u7528\u6237\u4ee3\u7406\u670d\u52a1\u5668\uff0c\u4ee5\u5e2e\u52a9\u68c0\u6d4b\u5783\u573e\u90ae\u4ef6\u3002<\/p>\n\n\n\n<p>\u60a8\u53ef\u4ee5\u5411 Gravatar \u670d\u52a1\u63d0\u4f9b\u6839\u636e\u60a8\u7684\u7535\u5b50\u90ae\u7bb1\uff08\u53c8\u79f0\u54c8\u5e0c\u503c\uff09\u521b\u5efa\u7684\u533f\u540d\u5730\u5740\uff0c\u4ee5\u6838\u5b9e\u60a8\u662f\u5426\u5728\u4f7f\u7528\u8be5\u5730\u5740\u3002Gravatar \u670d\u52a1\u7684\u9690\u79c1\u653f\u7b56\u53ef\u5728\u4ee5\u4e0b\u7f51\u5740\u83b7\u53d6\uff1ahttps:\/\/automattic.com\/privacy\/\u3002\u5728\u60a8\u7684\u8bc4\u8bba\u83b7\u5f97\u6279\u51c6\u540e\uff0c\u60a8\u7684\u4e2a\u4eba\u8d44\u6599\u5c06\u5728\u60a8\u7684\u8bc4\u8bba\u4e0a\u4e0b\u6587\u4e2d\u5411\u516c\u4f17\u5c55\u793a\u3002<\/p>\n\n\n\n<h2 class=\"wp-block-heading\">\u5a92\u4f53<\/h2>\n\n\n\n<p>\u5982\u679c\u5728\u7f51\u7edc\u4e0a\u63d0\u4ea4\u56fe\u50cf\uff0c\u8bf7\u907f\u514d\u63d0\u4ea4\u5305\u542b\u4f4d\u7f6e\u6570\u636e\uff08GPS EXIF\uff09\u7684\u56fe\u50cf\u3002\u7f51\u7edc\u8bbf\u95ee\u8005\u53ef\u4ee5\u4e0b\u8f7d\u548c\u83b7\u53d6\u7f51\u7edc\u56fe\u50cf\u7684\u4efb\u4f55\u4f4d\u7f6e\u6570\u636e\u3002<\/p>\n\n\n\n<h2 class=\"wp-block-heading\">\u66f2\u5947<\/h2>\n\n\n\n<p>\u5982\u679c\u60a8\u5728\u6211\u4eec\u7684\u7f51\u7ad9\u4e0a\u53d1\u8868\u8bc4\u8bba\uff0c\u53ef\u4ee5\u9009\u62e9\u5c06\u60a8\u7684\u59d3\u540d\u3001\u7535\u5b50\u90ae\u4ef6\u5730\u5740\u548c\u7f51\u7edc\u5730\u5740\u4fdd\u5b58\u5728 cookies \u4e2d\u3002\u8fd9\u6837\u505a\u662f\u4e3a\u4e86\u65b9\u4fbf\u60a8\uff0c\u5f53\u60a8\u53d1\u8868\u5176\u4ed6\u8bc4\u8bba\u65f6\uff0c\u60a8\u65e0\u9700\u91cd\u65b0\u586b\u5199\u6570\u636e\u3002\u8fd9\u4e9b cookies \u7684\u6709\u6548\u671f\u4e3a\u4e00\u5e74\u3002<\/p>\n\n\n\n<p>\u5982\u679c\u60a8\u6709\u5e10\u6237\u5e76\u8fde\u63a5\u5230\u672c\u7f51\u7ad9\uff0c\u6211\u4eec\u4f1a\u5b89\u88c5\u4e00\u4e2a\u4e34\u65f6 Cookie\uff0c\u4ee5\u786e\u5b9a\u60a8\u7684\u6d4f\u89c8\u5668\u662f\u5426\u63a5\u53d7 Cookie\u3002\u6b64 cookie \u4e0d\u5305\u542b\u4e2a\u4eba\u6570\u636e\uff0c\u5173\u95ed\u6d4f\u89c8\u5668\u540e\u5373\u53ef\u6d88\u9664\u3002<\/p>\n\n\n\n<p>\u8bbf\u95ee\u65f6\uff0c\u6211\u4eec\u4e5f\u4f1a\u5b89\u88c5\u4e0d\u540c\u7684 cookies \u6765\u4fdd\u62a4\u60a8\u7684\u8bbf\u95ee\u4fe1\u606f\u548c\u60a8\u7684\u9875\u9762\u53ef\u89c6\u5316\u9009\u9879\u3002\u8bbf\u95ee cookie \u7684\u6709\u6548\u671f\u4e3a\u4e24\u5929\uff0c\u9762\u677f\u9009\u9879 cookie \u7684\u6709\u6548\u671f\u4e3a\u4e00\u5e74\u3002\u5982\u679c\u9009\u62e9 \"Recu\u00e9rdarme\"\uff08\u5220\u9664\u6211\uff09\uff0c\u60a8\u7684\u8bbf\u95ee\u5c06\u5728\u4e24\u4e2a\u661f\u671f\u5185\u7ec8\u6b62\u3002\u5982\u679c\u51fa\u552e\u8d26\u6237\uff0c\u8bbf\u95ee cookie \u5c06\u88ab\u5220\u9664\u3002<\/p>\n\n\n\n<p>\u5982\u679c\u7f16\u8f91\u6216\u53d1\u8868\u6587\u7ae0\uff0c\u4f1a\u5728\u60a8\u7684\u6d4f\u89c8\u5668\u4e2d\u589e\u52a0\u4e00\u4e2a cookie\u3002\u8be5 cookie \u4e0d\u5305\u542b\u4e2a\u4eba\u6570\u636e\uff0c\u4ec5\u663e\u793a\u7f16\u8f91\u6587\u7ae0\u7684 ID\u30021 \u5929\u540e\u5173\u95ed\u3002<\/p>\n\n\n\n<h2 class=\"wp-block-heading\">\u5176\u4ed6\u7f51\u7ad9\u7684\u5783\u573e\u5185\u5bb9<\/h2>\n\n\n\n<p>\u672c\u7f51\u7ad9\u7684\u6587\u7ae0\u53ef\u80fd\u5305\u542b\u52a0\u5bc6\u5185\u5bb9\uff08\u4f8b\u5982\uff0c\u89c6\u9891\u3001\u56fe\u50cf\u3001\u6587\u7ae0\u7b49\uff09\u3002\u5176\u4ed6\u7f51\u7ad9\u7684\u52a0\u5bc6\u5185\u5bb9\u5c06\u4ee5\u8bbf\u95ee\u8005\u8bbf\u95ee\u5176\u4ed6\u7f51\u7ad9\u65f6\u6240\u91c7\u7528\u7684\u65b9\u5f0f\u63d0\u4f9b\u3002<\/p>\n\n\n\n<p>\u8fd9\u4e9b\u7f51\u7ad9\u53ef\u80fd\u4f1a\u590d\u5236\u6709\u5173\u60a8\u7684\u6570\u636e\u3001\u4f7f\u7528 cookie\u3001\u5411\u7b2c\u4e09\u65b9\u6dfb\u52a0\u989d\u5916\u7684\u8ddf\u8e2a\u5185\u5bb9\uff0c\u5e76\u76d1\u7763\u60a8\u4e0e\u6240\u6dfb\u52a0\u5185\u5bb9\u7684\u4ea4\u4e92\uff0c\u5305\u62ec\u60a8\u4e0e\u6240\u6dfb\u52a0\u5185\u5bb9\u7684\u4ea4\u4e92\u8ddf\u8e2a\uff08\u5982\u679c\u60a8\u6709\u5e10\u6237\u5e76\u4e0e\u8be5\u7f51\u7ad9\u8fde\u63a5\uff09\u3002<\/p>\n\n\n\n<h2 class=\"wp-block-heading\">\u5411\u8c01\u63d0\u4f9b\u6211\u4eec\u7684\u6570\u636e<\/h2>\n\n\n\n<p>\u5982\u679c\u60a8\u9700\u8981\u91cd\u65b0\u5b89\u88c5\u63a7\u5236\u5668\uff0c\u60a8\u7684 IP \u5730\u5740\u5c06\u5305\u542b\u5728\u91cd\u65b0\u5b89\u88c5\u63a7\u5236\u5668\u7684\u7535\u5b50\u90ae\u7bb1\u4e2d\u3002<\/p>\n\n\n\n<h2 class=\"wp-block-heading\">\u6211\u4eec\u4fdd\u5b58\u6570\u636e\u7684\u65f6\u95f4<\/h2>\n\n\n\n<p>\u5982\u679c\u5220\u9664\u4e86\u67d0\u6761\u8bc4\u8bba\uff0c\u8be5\u8bc4\u8bba\u53ca\u5176\u5143\u6570\u636e\u5c06\u88ab\u65e0\u9650\u671f\u4fdd\u5b58\u3002\u8fd9\u6837\u505a\u7684\u76ee\u7684\u662f\u8ba9\u6211\u4eec\u80fd\u591f\u81ea\u52a8\u8bc6\u522b\u548c\u8ba4\u53ef\u8fde\u7eed\u53d1\u8868\u7684\u8bc4\u8bba\uff0c\u800c\u4e0d\u662f\u5c06\u5176\u4fdd\u5b58\u5728\u5ba1\u6838\u680f\u4e2d\u3002<\/p>\n\n\n\n<p>\u5728\u6211\u4eec\u7f51\u7ad9\u6ce8\u518c\u7684\u7528\u6237\uff08\u5982\u679c\u6709\uff09\uff0c\u6211\u4eec\u4e5f\u4f1a\u5c06\u5176\u4e2a\u4eba\u4fe1\u606f\u4fdd\u5b58\u5728\u5176\u7528\u6237\u914d\u7f6e\u6587\u4ef6\u4e2d\u3002\u6240\u6709\u7528\u6237\u5747\u53ef\u968f\u65f6\u67e5\u770b\u3001\u7f16\u8f91\u6216\u5220\u9664\u5176\u4e2a\u4eba\u4fe1\u606f\uff08\u4f46\u4e0d\u5f97\u66f4\u6539\u7528\u6237\u540d\uff09\u3002\u7f51\u7ad9\u7ba1\u7406\u5458\u4e5f\u53ef\u4ee5\u67e5\u770b\u548c\u7f16\u8f91\u8fd9\u4e9b\u4fe1\u606f\u3002<\/p>\n\n\n\n<h2 class=\"wp-block-heading\">\u60a8\u5bf9\u81ea\u5df1\u6570\u636e\u7684\u6743\u5229<\/h2>\n\n\n\n<p>\u5982\u679c\u60a8\u5728\u672c\u7f51\u7ad9\u5f00\u8bbe\u4e86\u8d26\u6237\u6216\u53d1\u8868\u4e86\u8bc4\u8bba\uff0c\u60a8\u53ef\u4ee5\u8981\u6c42\u6211\u4eec\u5bfc\u51fa\u60a8\u7684\u4e2a\u4eba\u8d44\u6599\u5b58\u6863\uff0c\u5305\u62ec\u60a8\u63d0\u4f9b\u7684\u4efb\u4f55\u4e2a\u4eba\u4fe1\u606f\u3002\u60a8\u8fd8\u53ef\u4ee5\u8981\u6c42\u6211\u4eec\u5220\u9664\u6240\u638c\u63e1\u7684\u5173\u4e8e\u60a8\u7684\u4efb\u4f55\u4e2a\u4eba\u6570\u636e\u3002\u8fd9\u4e0d\u5305\u62ec\u6211\u4eec\u6709\u4e49\u52a1\u4fdd\u62a4\u7684\u4efb\u4f55\u884c\u653f\u3001\u6cd5\u5f8b\u6216\u5b89\u5168\u6570\u636e\u3002<\/p>\n\n\n\n<h2 class=\"wp-block-heading\">\u6570\u636e\u53d1\u9001\u5730\u70b9<\/h2>\n\n\n\n<p>\u8bbf\u95ee\u8005\u7684\u8bc4\u8bba\u53ef\u80fd\u4f1a\u4fee\u6539\u5783\u573e\u90ae\u4ef6\u81ea\u52a8\u68c0\u6d4b\u670d\u52a1\u3002<\/p>","protected":false},"excerpt":{"rendered":"<p>Qui\u00e9nes somos La direcci\u00f3n de nuestra web es: https:\/\/oneexample.pro. Comentarios Cuando los visitantes dejan comentarios en la web, recopilamos los datos que se muestran en el formulario de comentarios, as\u00ed como la direcci\u00f3n IP del visitante y la cadena de agentes de usuario del navegador para ayudar a la detecci\u00f3n de spam. Una cadena an\u00f3nima [&hellip;]<\/p>\n","protected":false},"author":1,"featured_media":0,"parent":0,"menu_order":0,"comment_status":"closed","ping_status":"closed","template":"","meta":{"_uag_custom_page_level_css":"","site-sidebar-layout":"default","site-content-layout":"","ast-site-content-layout":"default","site-content-style":"default","site-sidebar-style":"default","ast-global-header-display":"","ast-banner-title-visibility":"","ast-main-header-display":"","ast-hfb-above-header-display":"","ast-hfb-below-header-display":"","ast-hfb-mobile-header-display":"","site-post-title":"","ast-breadcrumbs-content":"","ast-featured-img":"","footer-sml-layout":"","ast-disable-related-posts":"","theme-transparent-header-meta":"","adv-header-id-meta":"","stick-header-meta":"","header-above-stick-meta":"","header-main-stick-meta":"","header-below-stick-meta":"","astra-migrate-meta-layouts":"default","ast-page-background-enabled":"default","ast-page-background-meta":{"desktop":{"background-color":"var(--ast-global-color-4)","background-image":"","background-repeat":"repeat","background-position":"center center","background-size":"auto","background-attachment":"scroll","background-type":"","background-media":"","overlay-type":"","overlay-color":"","overlay-opacity":"","overlay-gradient":""},"tablet":{"background-color":"","background-image":"","background-repeat":"repeat","background-position":"center center","background-size":"auto","background-attachment":"scroll","background-type":"","background-media":"","overlay-type":"","overlay-color":"","overlay-opacity":"","overlay-gradient":""},"mobile":{"background-color":"","background-image":"","background-repeat":"repeat","background-position":"center center","background-size":"auto","background-attachment":"scroll","background-type":"","background-media":"","overlay-type":"","overlay-color":"","overlay-opacity":"","overlay-gradient":""}},"ast-content-background-meta":{"desktop":{"background-color":"var(--ast-global-color-5)","background-image":"","background-repeat":"repeat","background-position":"center center","background-size":"auto","background-attachment":"scroll","background-type":"","background-media":"","overlay-type":"","overlay-color":"","overlay-opacity":"","overlay-gradient":""},"tablet":{"background-color":"var(--ast-global-color-5)","background-image":"","background-repeat":"repeat","background-position":"center center","background-size":"auto","background-attachment":"scroll","background-type":"","background-media":"","overlay-type":"","overlay-color":"","overlay-opacity":"","overlay-gradient":""},"mobile":{"background-color":"var(--ast-global-color-5)","background-image":"","background-repeat":"repeat","background-position":"center center","background-size":"auto","background-attachment":"scroll","background-type":"","background-media":"","overlay-type":"","overlay-color":"","overlay-opacity":"","overlay-gradient":""}},"footnotes":""},"class_list":["post-19","page","type-page","status-publish","hentry"],"spectra_custom_meta":{"_edit_lock":["1702256003:1"],"_wds_readability":["a:4:{s:5:\"score\";i:71;s:9:\"raw_score\";i:71;s:11:\"is_readable\";b:1;s:5:\"error\";b:0;}"],"_edit_last":["1"],"_wds_trimmed_excerpt":["Qui\u00e9nes somos La direcci\u00f3n de nuestra web es: https:\/\/oneexample.pro. Comentarios Cuando los visitantes dejan comentarios en la web, recopilamos los datos qu ..."],"_uag_css_file_name":["uag-css-19.css"],"_trp_automatically_translated_slug_es_MX":["privacy-policy"],"_trp_automatically_translated_slug_zh_CN":["\u9690\u79c1\u653f\u7b56"],"_trp_automatically_translated_slug_ja":["\u30d7\u30e9\u30a4\u30d0\u30b7\u30fc\u30dd\u30ea\u30b7\u30fc"],"_trp_automatically_translated_slug_ko_KR":["\uac1c\uc778-\uc815\ubcf4-\ubcf4\ud638-\uc815\ucc45"],"_trp_automatically_translated_slug_pt_BR":["politica-de-privacidade"],"_uagb_previous_block_counts":["a:90:{s:21:\"uagb\/advanced-heading\";i:0;s:15:\"uagb\/blockquote\";i:0;s:12:\"uagb\/buttons\";i:0;s:18:\"uagb\/buttons-child\";i:0;s:19:\"uagb\/call-to-action\";i:0;s:15:\"uagb\/cf7-styler\";i:0;s:11:\"uagb\/column\";i:0;s:12:\"uagb\/columns\";i:0;s:14:\"uagb\/container\";i:0;s:21:\"uagb\/content-timeline\";i:0;s:27:\"uagb\/content-timeline-child\";i:0;s:14:\"uagb\/countdown\";i:0;s:12:\"uagb\/counter\";i:0;s:8:\"uagb\/faq\";i:0;s:14:\"uagb\/faq-child\";i:0;s:10:\"uagb\/forms\";i:0;s:17:\"uagb\/forms-accept\";i:0;s:19:\"uagb\/forms-checkbox\";i:0;s:15:\"uagb\/forms-date\";i:0;s:16:\"uagb\/forms-email\";i:0;s:17:\"uagb\/forms-hidden\";i:0;s:15:\"uagb\/forms-name\";i:0;s:16:\"uagb\/forms-phone\";i:0;s:16:\"uagb\/forms-radio\";i:0;s:17:\"uagb\/forms-select\";i:0;s:19:\"uagb\/forms-textarea\";i:0;s:17:\"uagb\/forms-toggle\";i:0;s:14:\"uagb\/forms-url\";i:0;s:14:\"uagb\/gf-styler\";i:0;s:15:\"uagb\/google-map\";i:0;s:11:\"uagb\/how-to\";i:0;s:16:\"uagb\/how-to-step\";i:0;s:9:\"uagb\/icon\";i:0;s:14:\"uagb\/icon-list\";i:0;s:20:\"uagb\/icon-list-child\";i:0;s:10:\"uagb\/image\";i:0;s:18:\"uagb\/image-gallery\";i:0;s:13:\"uagb\/info-box\";i:0;s:18:\"uagb\/inline-notice\";i:0;s:11:\"uagb\/lottie\";i:0;s:21:\"uagb\/marketing-button\";i:0;s:10:\"uagb\/modal\";i:0;s:18:\"uagb\/popup-builder\";i:0;s:16:\"uagb\/post-button\";i:0;s:18:\"uagb\/post-carousel\";i:0;s:17:\"uagb\/post-excerpt\";i:0;s:14:\"uagb\/post-grid\";i:0;s:15:\"uagb\/post-image\";i:0;s:17:\"uagb\/post-masonry\";i:0;s:14:\"uagb\/post-meta\";i:0;s:18:\"uagb\/post-taxonomy\";i:0;s:18:\"uagb\/post-timeline\";i:0;s:15:\"uagb\/post-title\";i:0;s:20:\"uagb\/restaurant-menu\";i:0;s:26:\"uagb\/restaurant-menu-child\";i:0;s:11:\"uagb\/review\";i:0;s:12:\"uagb\/section\";i:0;s:14:\"uagb\/separator\";i:0;s:11:\"uagb\/slider\";i:0;s:17:\"uagb\/slider-child\";i:0;s:17:\"uagb\/social-share\";i:0;s:23:\"uagb\/social-share-child\";i:0;s:16:\"uagb\/star-rating\";i:0;s:23:\"uagb\/sure-cart-checkout\";i:0;s:22:\"uagb\/sure-cart-product\";i:0;s:15:\"uagb\/sure-forms\";i:0;s:22:\"uagb\/table-of-contents\";i:0;s:9:\"uagb\/tabs\";i:0;s:15:\"uagb\/tabs-child\";i:0;s:18:\"uagb\/taxonomy-list\";i:0;s:9:\"uagb\/team\";i:0;s:16:\"uagb\/testimonial\";i:0;s:14:\"uagb\/wp-search\";i:0;s:19:\"uagb\/instagram-feed\";i:0;s:10:\"uagb\/login\";i:0;s:17:\"uagb\/loop-builder\";i:0;s:18:\"uagb\/loop-category\";i:0;s:20:\"uagb\/loop-pagination\";i:0;s:15:\"uagb\/loop-reset\";i:0;s:16:\"uagb\/loop-search\";i:0;s:14:\"uagb\/loop-sort\";i:0;s:17:\"uagb\/loop-wrapper\";i:0;s:13:\"uagb\/register\";i:0;s:19:\"uagb\/register-email\";i:0;s:24:\"uagb\/register-first-name\";i:0;s:23:\"uagb\/register-last-name\";i:0;s:22:\"uagb\/register-password\";i:0;s:30:\"uagb\/register-reenter-password\";i:0;s:19:\"uagb\/register-terms\";i:0;s:22:\"uagb\/register-username\";i:0;}"],"_uag_page_assets":["a:9:{s:3:\"css\";s:0:\"\";s:2:\"js\";s:0:\"\";s:18:\"current_block_list\";a:8:{i:0;s:12:\"core\/heading\";i:1;s:14:\"core\/paragraph\";i:2;s:11:\"core\/search\";i:3;s:10:\"core\/group\";i:4;s:17:\"core\/latest-posts\";i:5;s:20:\"core\/latest-comments\";i:6;s:13:\"core\/archives\";i:7;s:15:\"core\/categories\";}s:8:\"uag_flag\";b:0;s:11:\"uag_version\";i:1777623653;s:6:\"gfonts\";a:0:{}s:10:\"gfonts_url\";s:0:\"\";s:12:\"gfonts_files\";a:0:{}s:14:\"uag_faq_layout\";b:0;}"]},"uagb_featured_image_src":{"full":false,"thumbnail":false,"medium":false,"medium_large":false,"large":false,"1536x1536":false,"2048x2048":false,"trp-custom-language-flag":false},"uagb_author_info":{"display_name":"OneExample","author_link":"https:\/\/oneexample.pro\/zh\/author\/unejemplo\/"},"uagb_comment_info":0,"uagb_excerpt":"Qui\u00e9nes somos La direcci\u00f3n de nuestra web es: https:\/\/oneexample.pro. Comentarios Cuando los visitantes dejan comentarios en la web, recopilamos los datos que se muestran en el formulario de comentarios, as\u00ed como la direcci\u00f3n IP del visitante y la cadena de agentes de usuario del navegador para ayudar a la detecci\u00f3n de spam. Una cadena an\u00f3nima&hellip;","_links":{"self":[{"href":"https:\/\/oneexample.pro\/zh\/wp-json\/wp\/v2\/pages\/19","targetHints":{"allow":["GET"]}}],"collection":[{"href":"https:\/\/oneexample.pro\/zh\/wp-json\/wp\/v2\/pages"}],"about":[{"href":"https:\/\/oneexample.pro\/zh\/wp-json\/wp\/v2\/types\/page"}],"author":[{"embeddable":true,"href":"https:\/\/oneexample.pro\/zh\/wp-json\/wp\/v2\/users\/1"}],"replies":[{"embeddable":true,"href":"https:\/\/oneexample.pro\/zh\/wp-json\/wp\/v2\/comments?post=19"}],"version-history":[{"count":0,"href":"https:\/\/oneexample.pro\/zh\/wp-json\/wp\/v2\/pages\/19\/revisions"}],"wp:attachment":[{"href":"https:\/\/oneexample.pro\/zh\/wp-json\/wp\/v2\/media?parent=19"}],"curies":[{"name":"wp","href":"https:\/\/api.w.org\/{rel}","templated":true}]}}