{"id":240,"date":"2023-12-13T13:51:35","date_gmt":"2023-12-13T13:51:35","guid":{"rendered":"https:\/\/oneexample.pro\/?page_id=240"},"modified":"2023-12-13T13:51:35","modified_gmt":"2023-12-13T13:51:35","slug":"%e6%9c%8d%e5%8a%a1%e6%9d%a1%e6%ac%be","status":"publish","type":"page","link":"https:\/\/oneexample.pro\/zh\/%e6%9c%8d%e5%8a%a1%e6%9d%a1%e6%ac%be\/","title":{"rendered":"\u670d\u52a1\u6761\u6b3e"},"content":{"rendered":"<hr class=\"wp-block-separator has-alpha-channel-opacity\"\/>\n\n\n\n<p class=\"has-medium-font-size\"><strong>\u8fd9\u91cc\u6709\u4e00\u4efd\u7b80\u660e\u627c\u8981\u7684\u62a5\u544a\uff0c\u5e0c\u671b\u80fd\u56de\u7b54\u60a8\u7684\u5927\u90e8\u5206\u95ee\u9898\uff1a<\/strong><\/p>\n\n\n\n<p><strong>\u662f\u5426\u53ef\u4ee5\u968f\u65f6\u968f\u5730\u7ee7\u7eed\u4f7f\u7528 UNEJEMPLO.PRO \u7684\u63d2\u4ef6\u548c\u4e3b\u9898\uff0c\u5373\u4f7f\u6ca1\u6709\u652f\u4ed8\u4f1a\u5458\u8d39\uff1f<br><\/strong>\u662f\u7684\uff01\u6211\u4eec\u7684\u6240\u6709\u63d2\u4ef6\u548c\u6a21\u677f\u5747\u4e3a GPL\uff0c\u56e0\u6b64\u60a8\u53ef\u4ee5\u5728\u4efb\u4f55\u65f6\u5019\u3001\u4efb\u4f55\u7f51\u7ad9\u4e0a\u7ee7\u7eed\u4f7f\u7528\u3002<\/p>\n\n\n\n<p><strong>\u00bfEs UNEJEMPLO.PRO b\u00e1sicamente un servicio de suscripci\u00f3n?<br><\/strong>\u662f\u7684\uff0c\u5982\u679c\u60a8\u9700\u8981\u66f4\u6539\u60a8\u7684\u8ba2\u9605\uff0c\u53ef\u4ee5\u901a\u8fc7\u4f4d\u4e8e Hub \u7684\u60a8\u7684\u5e10\u6237\u9875\u9762\u8fdb\u884c\u66f4\u6539\uff0c\u53ea\u9700\u767b\u5f55\u4f1a\u8bdd\u5e76\u5728\u6b64\u5904\u67e5\u770b\u3002<\/p>\n\n\n\n<p>\u6700\u540e\uff0c\u540c\u6837\u91cd\u8981\u7684\u662f\uff0c\u5982\u679c\u60a8\u7684\u8d26\u6237\u6709\u4efb\u4f55\u95ee\u9898\uff0c\u6216\u5bf9\u6211\u4eec\u7684\u670d\u52a1\u6709\u4efb\u4f55\u7591\u95ee\uff0c\u8bf7\u8054\u7cfb\u6211\u4eec\uff1b\u6211\u4eec\u5c06\u7aed\u8bda\u4e3a\u60a8\u670d\u52a1\u3002<\/p>\n\n\n\n<p><strong>Y aqu\u00ed est\u00e1 la versi\u00f3n larga...<br><\/strong>UNEJEMPLO.PRO \u662f\u4ee5\u4e0b\u516c\u53f8\u7684\u8d22\u4ea7\u5e76\u7531\u4ee5\u4e0b\u516c\u53f8\u8fd0\u8425 <a href=\"https:\/\/MORPH.media\" target=\"_blank\" rel=\"noreferrer noopener\">MORPH.media<\/a> SA de CV.<br>\u4ee5\u4e0b\u6761\u6b3e\u548c\u6761\u4ef6\uff08\"\u6761\u6b3e\"\uff09\u9002\u7528\u4e8e\u5bf9 UNEJEMPLO.PRO \u7f51\u7ad9\u7684\u6240\u6709\u4f7f\u7528\uff0c\u4ee5\u53ca\u7f51\u7ad9\u4e0a\u6216\u901a\u8fc7\u7f51\u7ad9\u63d0\u4f9b\u7684\u6240\u6709\u5185\u5bb9\u3001\u670d\u52a1\u548c\u4ea7\u54c1\uff0c\u5305\u62ec\u4f46\u4e0d\u9650\u4e8e UNEJEMPLO.PRO \u7684\u6258\u7ba1\u3001\u4e3b\u673a\u3001\u6240\u6709\u63d2\u4ef6\u548c\u6211\u4eec\u7684 API \u670d\u52a1\uff08\u7edf\u79f0\u4e3a\u6211\u4eec\u7684 \"\u670d\u52a1\"\uff09\u3002\u60a8\u5fc5\u987b\u63a5\u53d7\u6211\u4eec\u7684\u670d\u52a1\uff0c\u5e76\u4e14\u4e0d\u5f97\u4fee\u6539\u672c\u6761\u6b3e\u548c\u6761\u4ef6\u4ee5\u53ca MORPH.media \u516c\u5e03\u7684\u5176\u4ed6\u8fd0\u8425\u89c4\u5b9a\u3001\u653f\u7b56\uff08\u5305\u62ec\u4f46\u4e0d\u9650\u4e8e MORPH.media \u7684\u9690\u79c1\u653f\u7b56\uff09\u548c\u7a0b\u5e8f\uff08\u7edf\u79f0\u4e3a \"\u534f\u8bae\"\uff09\u3002\u540c\u610f\u6211\u4eec\u53ef\u4ee5\u81ea\u52a8\u66f4\u65b0\u6211\u4eec\u7684\u670d\u52a1\uff0c\u672c\u6761\u6b3e\u9002\u7528\u4e8e\u4efb\u4f55\u66f4\u65b0\u3002<\/p>\n\n\n\n<p>\u8bf7\u5728\u8bbf\u95ee\u6216\u4f7f\u7528\u6211\u4eec\u7684\u670d\u52a1\u4e4b\u524d\u4ed4\u7ec6\u9605\u8bfb\u672c\u534f\u8bae\u3002\u52a0\u5165\u6216\u4f7f\u7528\u6211\u4eec\u670d\u52a1\u7684\u4efb\u4f55\u90e8\u5206\uff0c\u5373\u8868\u793a\u63a5\u53d7\u672c\u534f\u8bae\u6761\u6b3e\u7684\u4e49\u52a1\u3002\u5982\u679c\u60a8\u4e0d\u540c\u610f\u672c\u534f\u8bae\u7684\u6240\u6709\u6761\u6b3e\uff0c\u5219\u4e0d\u80fd\u8bbf\u95ee\u6216\u4f7f\u7528\u6211\u4eec\u7684\u4efb\u4f55\u670d\u52a1\u3002\u5982\u679c\u8fd9\u4e9b\u6761\u6b3e\u88ab\u89c6\u4e3a MORPH.media \u63d0\u4f9b\u7684\u670d\u52a1\uff0c\u5219\u63a5\u53d7\u670d\u52a1\u5c06\u660e\u786e\u9650\u4e8e\u8fd9\u4e9b\u6761\u6b3e\u3002<\/p>\n\n\n\n<p>\u4f7f\u7528\u6211\u4eec\u7684\u670d\u52a1\u9700\u8981 UNEJEMPLO.PRO \u8d26\u6237\u3002\u8bf7\u5728\u6ce8\u518c\u5e10\u6237\u65f6\u5411\u6211\u4eec\u63d0\u4f9b\u5b8c\u6574\u3001\u51c6\u786e\u7684\u4fe1\u606f\u3002<\/p>\n\n\n\n<hr class=\"wp-block-separator has-alpha-channel-opacity\"\/>","protected":false},"excerpt":{"rendered":"<p>Aqu\u00ed hay un resumen r\u00e1pido que esperamos responda a la mayor\u00eda de tus preguntas clave: \u00bfPuedo seguir usando los plugins y temas de UNEJEMPLO.PRO tanto tiempo como quiera, incluso si no tengo una membres\u00eda pagada?\u00a1S\u00ed! Todos nuestros plugins y temas son GPL, as\u00ed que puedes seguir us\u00e1ndolos todo el tiempo que quieras y en tantos [&hellip;]<\/p>\n","protected":false},"author":1,"featured_media":0,"parent":0,"menu_order":0,"comment_status":"closed","ping_status":"closed","template":"","meta":{"_uag_custom_page_level_css":"","site-sidebar-layout":"default","site-content-layout":"","ast-site-content-layout":"default","site-content-style":"default","site-sidebar-style":"default","ast-global-header-display":"","ast-banner-title-visibility":"","ast-main-header-display":"","ast-hfb-above-header-display":"","ast-hfb-below-header-display":"","ast-hfb-mobile-header-display":"","site-post-title":"","ast-breadcrumbs-content":"","ast-featured-img":"","footer-sml-layout":"","ast-disable-related-posts":"","theme-transparent-header-meta":"","adv-header-id-meta":"","stick-header-meta":"","header-above-stick-meta":"","header-main-stick-meta":"","header-below-stick-meta":"","astra-migrate-meta-layouts":"default","ast-page-background-enabled":"default","ast-page-background-meta":{"desktop":{"background-color":"var(--ast-global-color-4)","background-image":"","background-repeat":"repeat","background-position":"center center","background-size":"auto","background-attachment":"scroll","background-type":"","background-media":"","overlay-type":"","overlay-color":"","overlay-opacity":"","overlay-gradient":""},"tablet":{"background-color":"","background-image":"","background-repeat":"repeat","background-position":"center center","background-size":"auto","background-attachment":"scroll","background-type":"","background-media":"","overlay-type":"","overlay-color":"","overlay-opacity":"","overlay-gradient":""},"mobile":{"background-color":"","background-image":"","background-repeat":"repeat","background-position":"center center","background-size":"auto","background-attachment":"scroll","background-type":"","background-media":"","overlay-type":"","overlay-color":"","overlay-opacity":"","overlay-gradient":""}},"ast-content-background-meta":{"desktop":{"background-color":"var(--ast-global-color-5)","background-image":"","background-repeat":"repeat","background-position":"center center","background-size":"auto","background-attachment":"scroll","background-type":"","background-media":"","overlay-type":"","overlay-color":"","overlay-opacity":"","overlay-gradient":""},"tablet":{"background-color":"var(--ast-global-color-5)","background-image":"","background-repeat":"repeat","background-position":"center center","background-size":"auto","background-attachment":"scroll","background-type":"","background-media":"","overlay-type":"","overlay-color":"","overlay-opacity":"","overlay-gradient":""},"mobile":{"background-color":"var(--ast-global-color-5)","background-image":"","background-repeat":"repeat","background-position":"center center","background-size":"auto","background-attachment":"scroll","background-type":"","background-media":"","overlay-type":"","overlay-color":"","overlay-opacity":"","overlay-gradient":""}},"footnotes":""},"class_list":["post-240","page","type-page","status-publish","hentry"],"spectra_custom_meta":{"_edit_lock":["1702584050:1"],"_wds_readability":["a:4:{s:5:\"score\";i:73;s:9:\"raw_score\";i:73;s:11:\"is_readable\";b:1;s:5:\"error\";b:0;}"],"_edit_last":["1"],"_wds_trimmed_excerpt":["Aqu\u00ed hay un resumen r\u00e1pido que esperamos responda a la mayor\u00eda de tus preguntas clave: \u00bfPuedo seguir usando los plugins y temas de UNEJEMPLO.PRO tanto tiemp ..."],"_wds_focus-keywords":[""],"_uag_css_file_name":["uag-css-240.css"],"_trp_automatically_translated_slug_es_MX":["terminos-de-servicio"],"_trp_automatically_translated_slug_ko_KR":["\uc11c\ube44\uc2a4-\uc57d\uad00"],"_trp_automatically_translated_slug_ja":["\u30b5\u30fc\u30d3\u30b9\u7d42\u4e86"],"_trp_automatically_translated_slug_pt_BR":["termino-do-servico"],"_trp_automatically_translated_slug_zh_CN":["\u670d\u52a1\u6761\u6b3e"],"_uagb_previous_block_counts":["a:90:{s:21:\"uagb\/advanced-heading\";i:0;s:15:\"uagb\/blockquote\";i:0;s:12:\"uagb\/buttons\";i:0;s:18:\"uagb\/buttons-child\";i:0;s:19:\"uagb\/call-to-action\";i:0;s:15:\"uagb\/cf7-styler\";i:0;s:11:\"uagb\/column\";i:0;s:12:\"uagb\/columns\";i:0;s:14:\"uagb\/container\";i:0;s:21:\"uagb\/content-timeline\";i:0;s:27:\"uagb\/content-timeline-child\";i:0;s:14:\"uagb\/countdown\";i:0;s:12:\"uagb\/counter\";i:0;s:8:\"uagb\/faq\";i:0;s:14:\"uagb\/faq-child\";i:0;s:10:\"uagb\/forms\";i:0;s:17:\"uagb\/forms-accept\";i:0;s:19:\"uagb\/forms-checkbox\";i:0;s:15:\"uagb\/forms-date\";i:0;s:16:\"uagb\/forms-email\";i:0;s:17:\"uagb\/forms-hidden\";i:0;s:15:\"uagb\/forms-name\";i:0;s:16:\"uagb\/forms-phone\";i:0;s:16:\"uagb\/forms-radio\";i:0;s:17:\"uagb\/forms-select\";i:0;s:19:\"uagb\/forms-textarea\";i:0;s:17:\"uagb\/forms-toggle\";i:0;s:14:\"uagb\/forms-url\";i:0;s:14:\"uagb\/gf-styler\";i:0;s:15:\"uagb\/google-map\";i:0;s:11:\"uagb\/how-to\";i:0;s:16:\"uagb\/how-to-step\";i:0;s:9:\"uagb\/icon\";i:0;s:14:\"uagb\/icon-list\";i:0;s:20:\"uagb\/icon-list-child\";i:0;s:10:\"uagb\/image\";i:0;s:18:\"uagb\/image-gallery\";i:0;s:13:\"uagb\/info-box\";i:0;s:18:\"uagb\/inline-notice\";i:0;s:11:\"uagb\/lottie\";i:0;s:21:\"uagb\/marketing-button\";i:0;s:10:\"uagb\/modal\";i:0;s:18:\"uagb\/popup-builder\";i:0;s:16:\"uagb\/post-button\";i:0;s:18:\"uagb\/post-carousel\";i:0;s:17:\"uagb\/post-excerpt\";i:0;s:14:\"uagb\/post-grid\";i:0;s:15:\"uagb\/post-image\";i:0;s:17:\"uagb\/post-masonry\";i:0;s:14:\"uagb\/post-meta\";i:0;s:18:\"uagb\/post-taxonomy\";i:0;s:18:\"uagb\/post-timeline\";i:0;s:15:\"uagb\/post-title\";i:0;s:20:\"uagb\/restaurant-menu\";i:0;s:26:\"uagb\/restaurant-menu-child\";i:0;s:11:\"uagb\/review\";i:0;s:12:\"uagb\/section\";i:0;s:14:\"uagb\/separator\";i:0;s:11:\"uagb\/slider\";i:0;s:17:\"uagb\/slider-child\";i:0;s:17:\"uagb\/social-share\";i:0;s:23:\"uagb\/social-share-child\";i:0;s:16:\"uagb\/star-rating\";i:0;s:23:\"uagb\/sure-cart-checkout\";i:0;s:22:\"uagb\/sure-cart-product\";i:0;s:15:\"uagb\/sure-forms\";i:0;s:22:\"uagb\/table-of-contents\";i:0;s:9:\"uagb\/tabs\";i:0;s:15:\"uagb\/tabs-child\";i:0;s:18:\"uagb\/taxonomy-list\";i:0;s:9:\"uagb\/team\";i:0;s:16:\"uagb\/testimonial\";i:0;s:14:\"uagb\/wp-search\";i:0;s:19:\"uagb\/instagram-feed\";i:0;s:10:\"uagb\/login\";i:0;s:17:\"uagb\/loop-builder\";i:0;s:18:\"uagb\/loop-category\";i:0;s:20:\"uagb\/loop-pagination\";i:0;s:15:\"uagb\/loop-reset\";i:0;s:16:\"uagb\/loop-search\";i:0;s:14:\"uagb\/loop-sort\";i:0;s:17:\"uagb\/loop-wrapper\";i:0;s:13:\"uagb\/register\";i:0;s:19:\"uagb\/register-email\";i:0;s:24:\"uagb\/register-first-name\";i:0;s:23:\"uagb\/register-last-name\";i:0;s:22:\"uagb\/register-password\";i:0;s:30:\"uagb\/register-reenter-password\";i:0;s:19:\"uagb\/register-terms\";i:0;s:22:\"uagb\/register-username\";i:0;}"],"_uag_page_assets":["a:9:{s:3:\"css\";s:0:\"\";s:2:\"js\";s:0:\"\";s:18:\"current_block_list\";a:9:{i:0;s:14:\"core\/separator\";i:1;s:14:\"core\/paragraph\";i:2;s:11:\"core\/search\";i:3;s:10:\"core\/group\";i:4;s:12:\"core\/heading\";i:5;s:17:\"core\/latest-posts\";i:6;s:20:\"core\/latest-comments\";i:7;s:13:\"core\/archives\";i:8;s:15:\"core\/categories\";}s:8:\"uag_flag\";b:0;s:11:\"uag_version\";i:1777623877;s:6:\"gfonts\";a:0:{}s:10:\"gfonts_url\";s:0:\"\";s:12:\"gfonts_files\";a:0:{}s:14:\"uag_faq_layout\";b:0;}"]},"uagb_featured_image_src":{"full":false,"thumbnail":false,"medium":false,"medium_large":false,"large":false,"1536x1536":false,"2048x2048":false,"trp-custom-language-flag":false},"uagb_author_info":{"display_name":"OneExample","author_link":"https:\/\/oneexample.pro\/zh\/author\/unejemplo\/"},"uagb_comment_info":0,"uagb_excerpt":"Aqu\u00ed hay un resumen r\u00e1pido que esperamos responda a la mayor\u00eda de tus preguntas clave: \u00bfPuedo seguir usando los plugins y temas de UNEJEMPLO.PRO tanto tiempo como quiera, incluso si no tengo una membres\u00eda pagada?\u00a1S\u00ed! Todos nuestros plugins y temas son GPL, as\u00ed que puedes seguir us\u00e1ndolos todo el tiempo que quieras y en tantos&hellip;","_links":{"self":[{"href":"https:\/\/oneexample.pro\/zh\/wp-json\/wp\/v2\/pages\/240","targetHints":{"allow":["GET"]}}],"collection":[{"href":"https:\/\/oneexample.pro\/zh\/wp-json\/wp\/v2\/pages"}],"about":[{"href":"https:\/\/oneexample.pro\/zh\/wp-json\/wp\/v2\/types\/page"}],"author":[{"embeddable":true,"href":"https:\/\/oneexample.pro\/zh\/wp-json\/wp\/v2\/users\/1"}],"replies":[{"embeddable":true,"href":"https:\/\/oneexample.pro\/zh\/wp-json\/wp\/v2\/comments?post=240"}],"version-history":[{"count":0,"href":"https:\/\/oneexample.pro\/zh\/wp-json\/wp\/v2\/pages\/240\/revisions"}],"wp:attachment":[{"href":"https:\/\/oneexample.pro\/zh\/wp-json\/wp\/v2\/media?parent=240"}],"curies":[{"name":"wp","href":"https:\/\/api.w.org\/{rel}","templated":true}]}}